{"id":14486,"date":"2025-01-02T16:39:14","date_gmt":"2025-01-02T15:39:14","guid":{"rendered":"https:\/\/www.mm1.ch\/?page_id=14486"},"modified":"2025-01-02T21:03:03","modified_gmt":"2025-01-02T20:03:03","slug":"commerciali","status":"publish","type":"page","link":"https:\/\/mm1.ch\/fr\/commerciali\/","title":{"rendered":"Commerciali"},"content":{"rendered":"\n<h2 class=\"wp-block-heading\">UMX AC<\/h2>\n\n\n\n<figure class=\"wp-block-image size-large\"><img loading=\"lazy\" decoding=\"async\" width=\"1024\" height=\"576\" src=\"https:\/\/www.mm1.ch\/wp-content\/uploads\/2025\/01\/2025-Yamaha-YUM2-AC-25-EU-Carbon-Action-003-03-1024x576.jpg\" alt=\"\" class=\"wp-image-14501\" srcset=\"https:\/\/mm1.ch\/wp-content\/uploads\/2025\/01\/2025-Yamaha-YUM2-AC-25-EU-Carbon-Action-003-03-1024x576.jpg 1024w, https:\/\/mm1.ch\/wp-content\/uploads\/2025\/01\/2025-Yamaha-YUM2-AC-25-EU-Carbon-Action-003-03-300x169.jpg 300w, https:\/\/mm1.ch\/wp-content\/uploads\/2025\/01\/2025-Yamaha-YUM2-AC-25-EU-Carbon-Action-003-03-768x432.jpg 768w, https:\/\/mm1.ch\/wp-content\/uploads\/2025\/01\/2025-Yamaha-YUM2-AC-25-EU-Carbon-Action-003-03-1536x864.jpg 1536w, https:\/\/mm1.ch\/wp-content\/uploads\/2025\/01\/2025-Yamaha-YUM2-AC-25-EU-Carbon-Action-003-03.jpg 2000w\" sizes=\"auto, (max-width: 1024px) 100vw, 1024px\" \/><\/figure>\n\n\n\n<p>Plug and play No, con il modello Yamaha UMX AC forse \u00e8 meglio dire plug and work! Con il suo ampio pianale di carico posteriore e lo spazioso vano portaoggetti anteriore, questo mezzo a motorizzazione elettrica, silenzioso ed efficiente, \u00e8 in grado di gestire tantissime attivit\u00e0, al chiuso e all&#8217;aperto. UMX AC \u00e8 ovviamente un mezzo &#8220;a emissioni zero&#8221;, oltre a essere molto facile da guidare e utilizzare.<\/p>\n\n\n\n<h4 class=\"wp-block-heading\">UMX AC. Lavorare al meglio, in modo silenzioso!<\/h4>\n\n\n\n<figure class=\"wp-block-image size-large\"><img loading=\"lazy\" decoding=\"async\" width=\"1024\" height=\"576\" src=\"https:\/\/www.mm1.ch\/wp-content\/uploads\/2025\/01\/2025-Yamaha-YUM2-AC-25-EU-Carbon-Action-002-03-1024x576.jpg\" alt=\"\" class=\"wp-image-14500\" srcset=\"https:\/\/mm1.ch\/wp-content\/uploads\/2025\/01\/2025-Yamaha-YUM2-AC-25-EU-Carbon-Action-002-03-1024x576.jpg 1024w, https:\/\/mm1.ch\/wp-content\/uploads\/2025\/01\/2025-Yamaha-YUM2-AC-25-EU-Carbon-Action-002-03-300x169.jpg 300w, https:\/\/mm1.ch\/wp-content\/uploads\/2025\/01\/2025-Yamaha-YUM2-AC-25-EU-Carbon-Action-002-03-768x432.jpg 768w, https:\/\/mm1.ch\/wp-content\/uploads\/2025\/01\/2025-Yamaha-YUM2-AC-25-EU-Carbon-Action-002-03-1536x864.jpg 1536w, https:\/\/mm1.ch\/wp-content\/uploads\/2025\/01\/2025-Yamaha-YUM2-AC-25-EU-Carbon-Action-002-03.jpg 2000w\" sizes=\"auto, (max-width: 1024px) 100vw, 1024px\" \/><\/figure>\n\n\n\n<p>Sotto il cofano batte un potente motore da 5,0 kW che non \u00e8 solo pi\u00f9 silenzioso e pi\u00f9 rispettoso dell&#8217;ambiente, ma ha anche un&#8217;ottima autonomia ed \u00e8 semplice da collegare e caricare. Offre una potenza fluida e adattabile per spostarsi ovunque: parchi, resort, campi da golf, aziende agricole, aeroporti, fabbriche e molto altro ancora. \u00c8 sufficiente salirci sopra e andare.<\/p>\n\n\n\n<figure class=\"wp-block-image size-large\"><img loading=\"lazy\" decoding=\"async\" width=\"1024\" height=\"576\" src=\"https:\/\/www.mm1.ch\/wp-content\/uploads\/2025\/01\/2025-Yamaha-YUM2-AC-25-EU-Carbon-Static-001-03-1024x576.jpg\" alt=\"\" class=\"wp-image-14502\" srcset=\"https:\/\/mm1.ch\/wp-content\/uploads\/2025\/01\/2025-Yamaha-YUM2-AC-25-EU-Carbon-Static-001-03-1024x576.jpg 1024w, https:\/\/mm1.ch\/wp-content\/uploads\/2025\/01\/2025-Yamaha-YUM2-AC-25-EU-Carbon-Static-001-03-300x169.jpg 300w, https:\/\/mm1.ch\/wp-content\/uploads\/2025\/01\/2025-Yamaha-YUM2-AC-25-EU-Carbon-Static-001-03-768x432.jpg 768w, https:\/\/mm1.ch\/wp-content\/uploads\/2025\/01\/2025-Yamaha-YUM2-AC-25-EU-Carbon-Static-001-03-1536x864.jpg 1536w, https:\/\/mm1.ch\/wp-content\/uploads\/2025\/01\/2025-Yamaha-YUM2-AC-25-EU-Carbon-Static-001-03.jpg 2000w\" sizes=\"auto, (max-width: 1024px) 100vw, 1024px\" \/><\/figure>\n\n\n\n<p>I due sedili dal design ergonomico e il sistema di sospensioni variabili offrono un comfort di guida elevato, rendendo questo veicolo leggero, pratico, fluido e silenzioso, una soluzione pratica e leggera per lavorare. Un mezzo pronto praticamente 24 ore su 24\/7 giorni su 7.<\/p>\n\n\n\n<h3 class=\"wp-block-heading\">Pianale in alluminio con sponda ad apertura one-touch.<\/h3>\n\n\n\n<figure class=\"wp-block-image size-large\"><img loading=\"lazy\" decoding=\"async\" width=\"1024\" height=\"577\" src=\"https:\/\/www.mm1.ch\/wp-content\/uploads\/2025\/01\/2025-Yamaha-YUM2-AC-25-EU-Detail-001-03-1024x577.jpg\" alt=\"\" class=\"wp-image-14503\" srcset=\"https:\/\/mm1.ch\/wp-content\/uploads\/2025\/01\/2025-Yamaha-YUM2-AC-25-EU-Detail-001-03-1024x577.jpg 1024w, https:\/\/mm1.ch\/wp-content\/uploads\/2025\/01\/2025-Yamaha-YUM2-AC-25-EU-Detail-001-03-300x169.jpg 300w, https:\/\/mm1.ch\/wp-content\/uploads\/2025\/01\/2025-Yamaha-YUM2-AC-25-EU-Detail-001-03-768x432.jpg 768w, https:\/\/mm1.ch\/wp-content\/uploads\/2025\/01\/2025-Yamaha-YUM2-AC-25-EU-Detail-001-03-1536x865.jpg 1536w, https:\/\/mm1.ch\/wp-content\/uploads\/2025\/01\/2025-Yamaha-YUM2-AC-25-EU-Detail-001-03.jpg 2000w\" sizes=\"auto, (max-width: 1024px) 100vw, 1024px\" \/><\/figure>\n\n\n\n<p>Il modello Yamaha UMX \u00e8 davvero resistente, quindi \u00e8 sempre pronto a lavorare sodo, di giorno e di notte, se necessario, in tutte le condizioni atmosferiche. \u00c8 stato creato per trasportare un notevole carico di attrezzature e materiali, grazie al suo robusto pianale di carico in alluminio e al pratico portellone posteriore con apertura one-touch. Lo spazioso pianale misura 104,6 cm di lunghezza, 116,6 cm di larghezza e 30,2 cm di profondit\u00e0.<\/p>\n\n\n\n<h3 class=\"wp-block-heading\">2 sedili singoli e plancia centrale<\/h3>\n\n\n\n<figure class=\"wp-block-image size-large\"><img loading=\"lazy\" decoding=\"async\" width=\"1024\" height=\"577\" src=\"https:\/\/www.mm1.ch\/wp-content\/uploads\/2025\/01\/2025-Yamaha-YUM2-AC-25-EU-Detail-002-03-1024x577.jpg\" alt=\"\" class=\"wp-image-14504\" srcset=\"https:\/\/mm1.ch\/wp-content\/uploads\/2025\/01\/2025-Yamaha-YUM2-AC-25-EU-Detail-002-03-1024x577.jpg 1024w, https:\/\/mm1.ch\/wp-content\/uploads\/2025\/01\/2025-Yamaha-YUM2-AC-25-EU-Detail-002-03-300x169.jpg 300w, https:\/\/mm1.ch\/wp-content\/uploads\/2025\/01\/2025-Yamaha-YUM2-AC-25-EU-Detail-002-03-768x432.jpg 768w, https:\/\/mm1.ch\/wp-content\/uploads\/2025\/01\/2025-Yamaha-YUM2-AC-25-EU-Detail-002-03-1536x865.jpg 1536w, https:\/\/mm1.ch\/wp-content\/uploads\/2025\/01\/2025-Yamaha-YUM2-AC-25-EU-Detail-002-03.jpg 2000w\" sizes=\"auto, (max-width: 1024px) 100vw, 1024px\" \/><\/figure>\n\n\n\n<p>L&#8217;interno del modello UMX si caratterizza per il design curato, 2 posti dotati di una comoda plancia centrale e di un bracciolo imbottito per una maggiore sicurezza. Grazie alle sospensioni variabili e agli pneumatici larghi, questa pratica configurazione offre al conducente e al passeggero un trasporto confortevole, anche su strade e piste non proprio perfette. I lati aperti permettono di entrare e uscire dall&#8217;UMX in modo rapido e agevole.<\/p>\n\n\n\n<h3 class=\"wp-block-heading\">Motore elettrico da 5,0 kW fluido e grintoso<\/h3>\n\n\n\n<figure class=\"wp-block-image size-large\"><img loading=\"lazy\" decoding=\"async\" width=\"1024\" height=\"576\" src=\"https:\/\/www.mm1.ch\/wp-content\/uploads\/2025\/01\/2025-Yamaha-YUM2-AC-25-EU-Detail-008-03-1024x576.jpg\" alt=\"\" class=\"wp-image-14511\" srcset=\"https:\/\/mm1.ch\/wp-content\/uploads\/2025\/01\/2025-Yamaha-YUM2-AC-25-EU-Detail-008-03-1024x576.jpg 1024w, https:\/\/mm1.ch\/wp-content\/uploads\/2025\/01\/2025-Yamaha-YUM2-AC-25-EU-Detail-008-03-300x169.jpg 300w, https:\/\/mm1.ch\/wp-content\/uploads\/2025\/01\/2025-Yamaha-YUM2-AC-25-EU-Detail-008-03-768x432.jpg 768w, https:\/\/mm1.ch\/wp-content\/uploads\/2025\/01\/2025-Yamaha-YUM2-AC-25-EU-Detail-008-03-1536x864.jpg 1536w, https:\/\/mm1.ch\/wp-content\/uploads\/2025\/01\/2025-Yamaha-YUM2-AC-25-EU-Detail-008-03.jpg 2000w\" sizes=\"auto, (max-width: 1024px) 100vw, 1024px\" \/><\/figure>\n\n\n\n<p>La praticit\u00e0 e la semplicit\u00e0 di guida del modello UMX AC sono garantite da un motore elettrico da 5,0 kW che non \u00e8 soltanto pi\u00f9 silenzioso e pi\u00f9 rispettoso dell&#8217;ambiente, ma ha anche un&#8217;eccellente autonomia ed \u00e8 rapido da caricare. In ambienti e applicazioni dove il motore elettrico non \u00e8 obbligatorio, \u00e8 disponibile anche il modello UMX EFI con motore 400 cc, fluido, affidabile ed economico.<\/p>\n\n\n\n<h3 class=\"wp-block-heading\">Struttura robusta e resistente<\/h3>\n\n\n\n<figure class=\"wp-block-image size-large\"><img loading=\"lazy\" decoding=\"async\" width=\"1024\" height=\"576\" src=\"https:\/\/www.mm1.ch\/wp-content\/uploads\/2025\/01\/2025-Yamaha-YUM2-AC-25-EU-Detail-004-03-1024x576.jpg\" alt=\"\" class=\"wp-image-14507\" srcset=\"https:\/\/mm1.ch\/wp-content\/uploads\/2025\/01\/2025-Yamaha-YUM2-AC-25-EU-Detail-004-03-1024x576.jpg 1024w, https:\/\/mm1.ch\/wp-content\/uploads\/2025\/01\/2025-Yamaha-YUM2-AC-25-EU-Detail-004-03-300x169.jpg 300w, https:\/\/mm1.ch\/wp-content\/uploads\/2025\/01\/2025-Yamaha-YUM2-AC-25-EU-Detail-004-03-768x432.jpg 768w, https:\/\/mm1.ch\/wp-content\/uploads\/2025\/01\/2025-Yamaha-YUM2-AC-25-EU-Detail-004-03-1536x864.jpg 1536w, https:\/\/mm1.ch\/wp-content\/uploads\/2025\/01\/2025-Yamaha-YUM2-AC-25-EU-Detail-004-03.jpg 2000w\" sizes=\"auto, (max-width: 1024px) 100vw, 1024px\" \/><\/figure>\n\n\n\n<p>Questo robusto mezzo di lavoro, efficiente e silenzioso, \u00e8 pronto a svolgere tantissime attivit\u00e0 in diversi ambienti. La sua struttura solida e resistente \u00e8 progettata per resistere anche agli impieghi pi\u00f9 gravosi. I fari a LED, ben integrati, ne esaltano l&#8217;aspetto dinamico, mentre i larghi penumatici permettono una migliore distribuzione del carico e riducono al minimo l&#8217;impatto della superficie.<\/p>\n\n\n\n<h3 class=\"wp-block-heading\">Spazioso vano portaoggetti da 29 litri<\/h3>\n\n\n\n<figure class=\"wp-block-image size-large\"><img loading=\"lazy\" decoding=\"async\" width=\"1024\" height=\"577\" src=\"https:\/\/www.mm1.ch\/wp-content\/uploads\/2025\/01\/2025-Yamaha-YUM2-AC-25-EU-Detail-005-03-1024x577.jpg\" alt=\"\" class=\"wp-image-14508\" srcset=\"https:\/\/mm1.ch\/wp-content\/uploads\/2025\/01\/2025-Yamaha-YUM2-AC-25-EU-Detail-005-03-1024x577.jpg 1024w, https:\/\/mm1.ch\/wp-content\/uploads\/2025\/01\/2025-Yamaha-YUM2-AC-25-EU-Detail-005-03-300x169.jpg 300w, https:\/\/mm1.ch\/wp-content\/uploads\/2025\/01\/2025-Yamaha-YUM2-AC-25-EU-Detail-005-03-768x432.jpg 768w, https:\/\/mm1.ch\/wp-content\/uploads\/2025\/01\/2025-Yamaha-YUM2-AC-25-EU-Detail-005-03-1536x865.jpg 1536w, https:\/\/mm1.ch\/wp-content\/uploads\/2025\/01\/2025-Yamaha-YUM2-AC-25-EU-Detail-005-03.jpg 2000w\" sizes=\"auto, (max-width: 1024px) 100vw, 1024px\" \/><\/figure>\n\n\n\n<p>Oltre al grande pianale di carico posteriore, UMX AC \u00e8 dotato di un pratico vano portaoggetti spazioso con protezione e un pratico meccanismo di apertura one-touch. Assicurando un&#8217;eccellente protezione in presenza di condizioni atmosferiche pi\u00f9 sfavorevoli e con una capacit\u00e0 di 29 litri, \u00e8 ideale per trasportare attrezzi o attrezzature.<\/p>\n\n\n\n<h3 class=\"wp-block-heading\">Piastra antiscivolo resistente e sospensioni stabili<\/h3>\n\n\n\n<figure class=\"wp-block-image size-large\"><img loading=\"lazy\" decoding=\"async\" width=\"1024\" height=\"577\" src=\"https:\/\/www.mm1.ch\/wp-content\/uploads\/2025\/01\/2025-Yamaha-YUM2-AC-25-EU-Detail-006-03-1024x577.jpg\" alt=\"\" class=\"wp-image-14509\" srcset=\"https:\/\/mm1.ch\/wp-content\/uploads\/2025\/01\/2025-Yamaha-YUM2-AC-25-EU-Detail-006-03-1024x577.jpg 1024w, https:\/\/mm1.ch\/wp-content\/uploads\/2025\/01\/2025-Yamaha-YUM2-AC-25-EU-Detail-006-03-300x169.jpg 300w, https:\/\/mm1.ch\/wp-content\/uploads\/2025\/01\/2025-Yamaha-YUM2-AC-25-EU-Detail-006-03-768x432.jpg 768w, https:\/\/mm1.ch\/wp-content\/uploads\/2025\/01\/2025-Yamaha-YUM2-AC-25-EU-Detail-006-03-1536x865.jpg 1536w, https:\/\/mm1.ch\/wp-content\/uploads\/2025\/01\/2025-Yamaha-YUM2-AC-25-EU-Detail-006-03.jpg 2000w\" sizes=\"auto, (max-width: 1024px) 100vw, 1024px\" \/><\/figure>\n\n\n\n<p>Il modello UMX \u00e8 progettato per essere pronto quando \u00e8 necessario completare un lavoro velocemente e con efficienza. Progettato per spostarsi su diverse tipologie di superfici, anche quelle irregolari, grazie alla robusta piastra antiscivolo, alle sospensioni stabili e agli pneumatici larghi, questo mezzo pu\u00f2 essere utilizzato fuoristrada e per lavorare in vari ambienti.<\/p>\n\n\n\n<h3 class=\"wp-block-heading\">Facile da guidare, manovrare e utilizzare<\/h3>\n\n\n\n<figure class=\"wp-block-image size-large\"><img loading=\"lazy\" decoding=\"async\" width=\"1024\" height=\"577\" src=\"https:\/\/www.mm1.ch\/wp-content\/uploads\/2025\/01\/2025-Yamaha-YUM2-AC-25-EU-Detail-007-03-1024x577.jpg\" alt=\"\" class=\"wp-image-14510\" srcset=\"https:\/\/mm1.ch\/wp-content\/uploads\/2025\/01\/2025-Yamaha-YUM2-AC-25-EU-Detail-007-03-1024x577.jpg 1024w, https:\/\/mm1.ch\/wp-content\/uploads\/2025\/01\/2025-Yamaha-YUM2-AC-25-EU-Detail-007-03-300x169.jpg 300w, https:\/\/mm1.ch\/wp-content\/uploads\/2025\/01\/2025-Yamaha-YUM2-AC-25-EU-Detail-007-03-768x432.jpg 768w, https:\/\/mm1.ch\/wp-content\/uploads\/2025\/01\/2025-Yamaha-YUM2-AC-25-EU-Detail-007-03-1536x865.jpg 1536w, https:\/\/mm1.ch\/wp-content\/uploads\/2025\/01\/2025-Yamaha-YUM2-AC-25-EU-Detail-007-03.jpg 2000w\" sizes=\"auto, (max-width: 1024px) 100vw, 1024px\" \/><\/figure>\n\n\n\n<p>Questo robusto veicolo \u00e8 stato progettato per consentire a te e al tuo team di lavorare di pi\u00f9 durante ogni giornata di lavoro. I semplici controlli a 2 pedali e la flessibile potenza elettrica rendono l&#8217;UMX AC un mezzo molto semplice da guidare, mentre i sistemi di apertura one-touch sul portaoggetti anteriore e sul piano di carico consentono di risparmiare tempo e fatica.<\/p>\n\n\n\n<h3 class=\"wp-block-heading\">Un mezzo fluido, silenzioso ed efficiente<\/h3>\n\n\n\n<figure class=\"wp-block-image size-large\"><img loading=\"lazy\" decoding=\"async\" width=\"1024\" height=\"576\" src=\"https:\/\/www.mm1.ch\/wp-content\/uploads\/2025\/01\/2025-Yamaha-YUM2-AC-25-EU-Detail-008-03-1024x576.jpg\" alt=\"\" class=\"wp-image-14511\" srcset=\"https:\/\/mm1.ch\/wp-content\/uploads\/2025\/01\/2025-Yamaha-YUM2-AC-25-EU-Detail-008-03-1024x576.jpg 1024w, https:\/\/mm1.ch\/wp-content\/uploads\/2025\/01\/2025-Yamaha-YUM2-AC-25-EU-Detail-008-03-300x169.jpg 300w, https:\/\/mm1.ch\/wp-content\/uploads\/2025\/01\/2025-Yamaha-YUM2-AC-25-EU-Detail-008-03-768x432.jpg 768w, https:\/\/mm1.ch\/wp-content\/uploads\/2025\/01\/2025-Yamaha-YUM2-AC-25-EU-Detail-008-03-1536x864.jpg 1536w, https:\/\/mm1.ch\/wp-content\/uploads\/2025\/01\/2025-Yamaha-YUM2-AC-25-EU-Detail-008-03.jpg 2000w\" sizes=\"auto, (max-width: 1024px) 100vw, 1024px\" \/><\/figure>\n\n\n\n<p>Oltre al look pratico e accattivante, la sua efficienza fluida e silenziosa \u00e8 uno dei motivi principali per scegliere Yamaha UMX AC. Grazie alla sua potenza elettrica silenziosa, i livelli di rumorosit\u00e0 durante l&#8217;uso sono estremamente bassi, aspetto particolarmente importante quando si lavora in aree relax e altri ambienti dove il rumore deve rimanere al minimo.<\/p>\n\n\n\n<h3 class=\"wp-block-heading\">Versione immatricolabile e diversi colori disponibili<\/h3>\n\n\n\n<p>UMX AC esiste anche nella versione omologata per uso stradale, sia con cabina aperta che con cabina chiusa equipaggiata di portiere e riscaldamento. Diverse le colorazioni disponibili.<\/p>\n\n\n\n<figure class=\"wp-block-gallery has-nested-images columns-default is-cropped wp-block-gallery-1 is-layout-flex wp-block-gallery-is-layout-flex\">\n<figure class=\"wp-block-image size-large\"><img loading=\"lazy\" decoding=\"async\" width=\"1024\" height=\"576\" data-id=\"14513\" src=\"https:\/\/www.mm1.ch\/wp-content\/uploads\/2025\/01\/2025-Yamaha-YUM2-AC-25-EU-Leaf_Green-Studio-002-03-1024x576.jpg\" alt=\"\" class=\"wp-image-14513\" srcset=\"https:\/\/mm1.ch\/wp-content\/uploads\/2025\/01\/2025-Yamaha-YUM2-AC-25-EU-Leaf_Green-Studio-002-03-1024x576.jpg 1024w, https:\/\/mm1.ch\/wp-content\/uploads\/2025\/01\/2025-Yamaha-YUM2-AC-25-EU-Leaf_Green-Studio-002-03-300x169.jpg 300w, https:\/\/mm1.ch\/wp-content\/uploads\/2025\/01\/2025-Yamaha-YUM2-AC-25-EU-Leaf_Green-Studio-002-03-768x432.jpg 768w, https:\/\/mm1.ch\/wp-content\/uploads\/2025\/01\/2025-Yamaha-YUM2-AC-25-EU-Leaf_Green-Studio-002-03-1536x864.jpg 1536w, https:\/\/mm1.ch\/wp-content\/uploads\/2025\/01\/2025-Yamaha-YUM2-AC-25-EU-Leaf_Green-Studio-002-03.jpg 2000w\" sizes=\"auto, (max-width: 1024px) 100vw, 1024px\" \/><\/figure>\n\n\n\n<figure class=\"wp-block-image size-large\"><img loading=\"lazy\" decoding=\"async\" width=\"1024\" height=\"576\" data-id=\"14512\" src=\"https:\/\/www.mm1.ch\/wp-content\/uploads\/2025\/01\/2025-Yamaha-YUM2-AC-25-EU-Glacier-Studio-002-03-1024x576.jpg\" alt=\"\" class=\"wp-image-14512\" srcset=\"https:\/\/mm1.ch\/wp-content\/uploads\/2025\/01\/2025-Yamaha-YUM2-AC-25-EU-Glacier-Studio-002-03-1024x576.jpg 1024w, https:\/\/mm1.ch\/wp-content\/uploads\/2025\/01\/2025-Yamaha-YUM2-AC-25-EU-Glacier-Studio-002-03-300x169.jpg 300w, https:\/\/mm1.ch\/wp-content\/uploads\/2025\/01\/2025-Yamaha-YUM2-AC-25-EU-Glacier-Studio-002-03-768x432.jpg 768w, https:\/\/mm1.ch\/wp-content\/uploads\/2025\/01\/2025-Yamaha-YUM2-AC-25-EU-Glacier-Studio-002-03-1536x864.jpg 1536w, https:\/\/mm1.ch\/wp-content\/uploads\/2025\/01\/2025-Yamaha-YUM2-AC-25-EU-Glacier-Studio-002-03.jpg 2000w\" sizes=\"auto, (max-width: 1024px) 100vw, 1024px\" \/><\/figure>\n<\/figure>\n\n\n\n<h3 class=\"wp-block-heading\">Prospetto del modello UMX AC<\/h3>\n\n\n<a href=\"https:\/\/www.mm1.ch\/wp-content\/uploads\/2025\/01\/2025-YUM2-AC-25_it-IT.pdf\" class=\"pdfemb-viewer\" style=\"\" data-width=\"max\" data-height=\"max\" data-toolbar=\"bottom\" data-toolbar-fixed=\"off\">2025-YUM2-AC-25_it-IT<\/a>","protected":false},"excerpt":{"rendered":"<p>UMX AC Plug and play No, con il modello Yamaha UMX AC forse \u00e8 meglio dire plug and work! Con&hellip; <\/p>\n","protected":false},"author":1,"featured_media":0,"parent":0,"menu_order":0,"comment_status":"closed","ping_status":"closed","template":"","meta":{"footnotes":""},"class_list":["post-14486","page","type-page","status-publish","hentry"],"translation":{"provider":"WPGlobus","version":"3.0.2","language":"fr","enabled_languages":["it","en","de","fr"],"languages":{"it":{"title":true,"content":true,"excerpt":false},"en":{"title":false,"content":false,"excerpt":false},"de":{"title":false,"content":false,"excerpt":false},"fr":{"title":false,"content":false,"excerpt":false}}},"aioseo_notices":[],"_links":{"self":[{"href":"https:\/\/mm1.ch\/fr\/wp-json\/wp\/v2\/pages\/14486","targetHints":{"allow":["GET"]}}],"collection":[{"href":"https:\/\/mm1.ch\/fr\/wp-json\/wp\/v2\/pages"}],"about":[{"href":"https:\/\/mm1.ch\/fr\/wp-json\/wp\/v2\/types\/page"}],"author":[{"embeddable":true,"href":"https:\/\/mm1.ch\/fr\/wp-json\/wp\/v2\/users\/1"}],"replies":[{"embeddable":true,"href":"https:\/\/mm1.ch\/fr\/wp-json\/wp\/v2\/comments?post=14486"}],"version-history":[{"count":0,"href":"https:\/\/mm1.ch\/fr\/wp-json\/wp\/v2\/pages\/14486\/revisions"}],"wp:attachment":[{"href":"https:\/\/mm1.ch\/fr\/wp-json\/wp\/v2\/media?parent=14486"}],"curies":[{"name":"wp","href":"https:\/\/api.w.org\/{rel}","templated":true}]}}