{"id":2273,"date":"2017-06-05T09:39:43","date_gmt":"2017-06-05T09:39:43","guid":{"rendered":"http:\/\/www.mm1.ch\/?page_id=2273"},"modified":"2018-11-19T21:18:44","modified_gmt":"2018-11-19T21:18:44","slug":"ordine-pezzi-originali-e-accessori-yamaha","status":"publish","type":"page","link":"https:\/\/mm1.ch\/fr\/ordine-pezzi-originali-e-accessori-yamaha\/","title":{"rendered":"Ordre pi\u00e8ces d&#8217;origine et accessoires YAMAHA"},"content":{"rendered":"<div class=\"frm_forms  with_frm_style frm_style_formidable-style\" id=\"frm_form_8_container\" >\n<form enctype=\"multipart\/form-data\" method=\"post\" class=\"frm-show-form  frm_pro_form \" id=\"form_contact32\" >\n<div class=\"frm_form_fields \">\n<fieldset>\n<legend class=\"frm_hidden\">Ordine pezzi di ricambio YAMAHA<\/legend>\r\n\r\n<div class=\"frm_description\"><p>Inserisci i tuoi dati per l'ordine di pezzi, ti confermeremo al pi\u00f9 presto prezzo e disponibilit\u00e0. Per qualsiasi tipo di ordine ci riserviamo di richiedere un acconto a nostra discrezione. \/ Enter your details for the order of pieces, we will confirm your price and availability as soon as possible. For any order we reserve the right to request a deposit at our discretion. \/ Geben Sie Ihre Daten, wir werden wir so bald wie m\u00f6glich den Preis und die Verf\u00fcgbarkeit best\u00e4tigen. F\u00fcr jede Bestellung behalten wir uns das Recht vor, eine Anzahlung zu beantragen. \/ S.v.p. Entrez vos coordonn\u00e9es pour l'ordre des pi\u00e8ces, nous vous confirmerons le plus t\u00f4t possible le prix et la disponibilit\u00e9. Pour tout type d'ordre, nous nous r\u00e9servons le droit d'exiger un d\u00e9p\u00f4t \u00e0 notre discr\u00e9tion.<\/p>\n<\/div><div class=\"frm_fields_container\">\n<input type=\"hidden\" name=\"frm_action\" value=\"create\" \/>\n<input type=\"hidden\" name=\"form_id\" value=\"8\" \/>\n<input type=\"hidden\" name=\"frm_hide_fields_8\" id=\"frm_hide_fields_8\" value=\"\" \/>\n<input type=\"hidden\" name=\"form_key\" value=\"contact32\" \/>\n<input type=\"hidden\" name=\"item_meta[0]\" value=\"\" \/>\n<input type=\"hidden\" id=\"frm_submit_entry_8\" name=\"frm_submit_entry_8\" value=\"91da23e5aa\" \/><input type=\"hidden\" name=\"_wp_http_referer\" value=\"\/fr\/wp-json\/wp\/v2\/pages\/2273\" \/><div id=\"frm_field_42_container\" class=\"frm_form_field form-field  frm_required_field frm_top_container frm_first frm_half\">\r\n    <label for=\"field_qh4icy32\" class=\"frm_primary_label\">Cognome \/ Last Name \/ Vorname \/ Pr\u00e9nom\r\n        <span class=\"frm_required\">*<\/span>\r\n    <\/label>\r\n    <input  type=\"text\" id=\"field_qh4icy32\" name=\"item_meta[42]\" value=\"\"  style=\"width:350px\" data-reqmsg=\"Questo campo non pu\u00f2 essere vuoto.\" aria-required=\"true\" data-invmsg=\"Cognome \/ Last Name \/ Vorname \/ Pr\u00e9nom is invalid\" class=\"auto_width\" aria-invalid=\"false\"   \/>\r\n    \r\n    \r\n<\/div>\n<div id=\"frm_field_43_container\" class=\"frm_form_field form-field  frm_required_field frm_top_container\">\r\n    <label for=\"field_2xzig2\" class=\"frm_primary_label\">Nome \/ First Name \/ Name \/ Nom\r\n        <span class=\"frm_required\">*<\/span>\r\n    <\/label>\r\n    <input  type=\"text\" id=\"field_2xzig2\" name=\"item_meta[43]\" value=\"\"  style=\"width:350px\" data-reqmsg=\"Questo campo non pu\u00f2 essere vuoto.\" aria-required=\"true\" data-invmsg=\"Nome \/ First Name \/ Name \/ Nom is invalid\" class=\"auto_width\" aria-invalid=\"false\"   \/>\r\n    \r\n    \r\n<\/div>\n<div id=\"frm_field_44_container\" class=\"frm_form_field form-field  frm_required_field frm_top_container\">\r\n    <label for=\"field_ju1fu2\" class=\"frm_primary_label\">Indirizzo \/ Address \/ Adresse \/ Adresse\r\n        <span class=\"frm_required\">*<\/span>\r\n    <\/label>\r\n    <input  type=\"text\" id=\"field_ju1fu2\" name=\"item_meta[44]\" value=\"\"  style=\"width:400px\" data-reqmsg=\"Questo campo non pu\u00f2 essere vuoto.\" aria-required=\"true\" data-invmsg=\"Indirizzo \/ Address \/ Adresse \/ Adresse is invalid\" class=\"auto_width\" aria-invalid=\"false\"   \/>\r\n    \r\n    \r\n<\/div>\n<div id=\"frm_field_45_container\" class=\"frm_form_field form-field  frm_required_field frm_top_container\">\r\n    <label for=\"field_29yf4d32\" class=\"frm_primary_label\">Telefono \/ Phone \/ Telephone \/ T\u00e9l\u00e9phon\r\n        <span class=\"frm_required\">*<\/span>\r\n    <\/label>\r\n    <input  type=\"text\" id=\"field_29yf4d32\" name=\"item_meta[45]\" value=\"\"  style=\"width:350px\" data-reqmsg=\"Questo campo non pu\u00f2 essere vuoto.\" aria-required=\"true\" data-invmsg=\"Telefono \/ Phone \/ Telephone \/ T\u00e9l\u00e9phon is invalid\" class=\"auto_width\" aria-invalid=\"false\"   \/>\r\n    \r\n    \r\n<\/div>\n<div id=\"frm_field_46_container\" class=\"frm_form_field form-field  frm_required_field frm_top_container\">\r\n    <label for=\"field_itt5me4\" class=\"frm_primary_label\">Email\r\n        <span class=\"frm_required\">*<\/span>\r\n    <\/label>\r\n    <input type=\"email\" id=\"field_itt5me4\" name=\"item_meta[46]\" value=\"\"  style=\"width:350px\" data-reqmsg=\"Questo campo non pu\u00f2 essere vuoto.\" aria-required=\"true\" data-invmsg=\"Prego inserire una mail corretta\" class=\"auto_width\" aria-invalid=\"false\"  \/>\r\n    \r\n    \r\n<\/div>\n<div id=\"frm_field_48_container\" class=\"frm_form_field form-field  frm_required_field frm_top_container\">\r\n    <label for=\"field_te2lz2\" class=\"frm_primary_label\">Modello \/ Model \/ Modell \/ Mod\u00e8le\r\n        <span class=\"frm_required\">*<\/span>\r\n    <\/label>\r\n    <input  type=\"text\" id=\"field_te2lz2\" name=\"item_meta[48]\" value=\"\"  style=\"width:350px\" data-reqmsg=\"Questo campo non pu\u00f2 essere vuoto.\" aria-required=\"true\" data-invmsg=\"Modello \/ Model \/ Modell \/ Mod\u00e8le is invalid\" class=\"auto_width\" aria-invalid=\"false\"   \/>\r\n    \r\n    \r\n<\/div>\n<div id=\"frm_field_49_container\" class=\"frm_form_field form-field  frm_required_field frm_top_container\">\r\n    <label for=\"field_iayzr2\" class=\"frm_primary_label\">No. di telaio \/ Frame number \/ Fahrgestellnummer \/ No. de ch\u00e2ssis\r\n        <span class=\"frm_required\">*<\/span>\r\n    <\/label>\r\n    <input  type=\"text\" id=\"field_iayzr2\" name=\"item_meta[49]\" value=\"\"  style=\"width:250px\" data-reqmsg=\"Questo campo non pu\u00f2 essere vuoto.\" aria-required=\"true\" data-invmsg=\"No. di telaio \/ Frame number \/ Fahrgestellnummer \/ No. de ch\u00e2ssis is invalid\" class=\"auto_width\" aria-invalid=\"false\"   \/>\r\n    \r\n    \r\n<\/div>\n<div id=\"frm_field_50_container\" class=\"frm_form_field form-field  frm_top_container\">\r\n    <label for=\"field_e6vq62\" class=\"frm_primary_label\">Etichetta modello \/ Model label \/ Modell Kennzeichen \/ Code mod\u00e8le\r\n        <span class=\"frm_required\"><\/span>\r\n    <\/label>\r\n    <input  type=\"text\" id=\"field_e6vq62\" name=\"item_meta[50]\" value=\"\"  style=\"width:100px\" data-invmsg=\"Etichetta modello \/ Model label \/ Modell Kennzeichen \/ Code mod\u00e8le is invalid\" class=\"auto_width\" aria-invalid=\"false\"   \/>\r\n    \r\n    \r\n<\/div>\n<div id=\"frm_field_87_container\" class=\"frm_form_field form-field  frm_top_container\">\r\n    <label for=\"field_3z49y\" class=\"frm_primary_label\">Colore \/ Color \/ Farbe \/ Couleur\r\n        <span class=\"frm_required\"><\/span>\r\n    <\/label>\r\n    <input  type=\"text\" id=\"field_3z49y\" name=\"item_meta[87]\" value=\"\"  style=\"width:350px\" data-invmsg=\"Colore \/ Color \/ Farbe \/ Couleur is invalid\" class=\"auto_width\" aria-invalid=\"false\"   \/>\r\n    \r\n    \r\n<\/div>\n<div id=\"frm_field_54_container\" class=\"frm_form_field form-field  frm_top_container\">\r\n    <label for=\"field_9jv0r132\" class=\"frm_primary_label\">Pezzi desiderati \/ Spare Parts to order \/ Ersatzteile zu bestellen  \/ Pi\u00e8ces desir\u00e9es\r\n        <span class=\"frm_required\"><\/span>\r\n    <\/label>\r\n    <textarea name=\"item_meta[54]\" id=\"field_9jv0r132\" rows=\"5\"  style=\"width:600px\" cols=\"66\" data-invmsg=\"Pezzi desiderati \/ Spare Parts to order \/ Ersatzteile zu bestellen  \/ Pi\u00e8ces desir\u00e9es is invalid\" class=\"auto_width\" aria-invalid=\"false\"  ><\/textarea>\r\n    \r\n    \r\n<\/div>\n<div id=\"frm_field_85_container\" class=\"frm_form_field form-field  frm_none_container\">\r\n    <label for=\"g-recaptcha-response\" class=\"frm_primary_label\">Captcha\r\n        <span class=\"frm_required\"><\/span>\r\n    <\/label>\r\n    <div  id=\"field_kxyqb\" class=\"g-recaptcha\" data-sitekey=\"6LenWesUAAAAAJrvZVfmof9FtWpxiaupifZR-JHg\" data-size=\"normal\" data-theme=\"light\"><\/div>\r\n    \r\n    \r\n<\/div>\n\t<input type=\"hidden\" name=\"item_key\" value=\"\" \/>\n\t\t\t<div id=\"frm_field_551_container\">\n\t\t\t<label for=\"field_a1nct\" >\n\t\t\t\tIf you are human, leave this field blank.\t\t\t<\/label>\n\t\t\t<input  id=\"field_a1nct\" type=\"text\" class=\"frm_form_field form-field frm_verify\" name=\"item_meta[551]\" value=\"\"  \/>\n\t\t<\/div>\n\t\t<input name=\"frm_state\" type=\"hidden\" value=\"OgXYZLdEuZmfQLw7h42oKDsPJKM\/F60JWgEQpkvb6L7kuvbvIpJAJnN6+8E+8qQ0\" \/><div class=\"frm_submit\">\r\n\r\n<input type=\"submit\" value=\"Invia richiesta\"  class=\"frm_final_submit\" formnovalidate=\"formnovalidate\" \/>\r\n<img decoding=\"async\" class=\"frm_ajax_loading\" src=\"https:\/\/mm1.ch\/wp-content\/plugins\/formidable\/images\/ajax_loader.gif\" alt=\"Sending\"\/>\r\n\r\n<\/div><\/div>\n<\/fieldset>\n<\/div>\n\n<p style=\"display: none !important;\" class=\"akismet-fields-container\" data-prefix=\"ak_\"><label>&#916;<textarea name=\"ak_hp_textarea\" cols=\"45\" rows=\"8\" maxlength=\"100\"><\/textarea><\/label><input type=\"hidden\" id=\"ak_js_1\" name=\"ak_js\" value=\"148\"\/><script type=\"text\/javascript\">\n\/* <![CDATA[ *\/\ndocument.getElementById( \"ak_js_1\" ).setAttribute( \"value\", ( new Date() ).getTime() );\n\/* ]]> *\/\n<\/script>\n<\/p><\/form>\n<\/div>\n\n","protected":false},"excerpt":{"rendered":"","protected":false},"author":1,"featured_media":0,"parent":0,"menu_order":0,"comment_status":"closed","ping_status":"closed","template":"","meta":{"footnotes":""},"class_list":["post-2273","page","type-page","status-publish","hentry"],"translation":{"provider":"WPGlobus","version":"3.0.2","language":"fr","enabled_languages":["it","en","de","fr"],"languages":{"it":{"title":true,"content":true,"excerpt":false},"en":{"title":true,"content":false,"excerpt":false},"de":{"title":true,"content":false,"excerpt":false},"fr":{"title":true,"content":true,"excerpt":false}}},"aioseo_notices":[],"_links":{"self":[{"href":"https:\/\/mm1.ch\/fr\/wp-json\/wp\/v2\/pages\/2273","targetHints":{"allow":["GET"]}}],"collection":[{"href":"https:\/\/mm1.ch\/fr\/wp-json\/wp\/v2\/pages"}],"about":[{"href":"https:\/\/mm1.ch\/fr\/wp-json\/wp\/v2\/types\/page"}],"author":[{"embeddable":true,"href":"https:\/\/mm1.ch\/fr\/wp-json\/wp\/v2\/users\/1"}],"replies":[{"embeddable":true,"href":"https:\/\/mm1.ch\/fr\/wp-json\/wp\/v2\/comments?post=2273"}],"version-history":[{"count":0,"href":"https:\/\/mm1.ch\/fr\/wp-json\/wp\/v2\/pages\/2273\/revisions"}],"wp:attachment":[{"href":"https:\/\/mm1.ch\/fr\/wp-json\/wp\/v2\/media?parent=2273"}],"curies":[{"name":"wp","href":"https:\/\/api.w.org\/{rel}","templated":true}]}}