{"id":258,"date":"2016-10-11T21:38:08","date_gmt":"2016-10-11T21:38:08","guid":{"rendered":"http:\/\/mm1.ch\/?page_id=258"},"modified":"2020-12-21T18:37:36","modified_gmt":"2020-12-21T17:37:36","slug":"foto-e-articoli-eventi","status":"publish","type":"page","link":"https:\/\/mm1.ch\/fr\/foto-e-articoli-eventi\/","title":{"rendered":"Galerie d&#8217;images"},"content":{"rendered":"\n<h3 class=\"wp-block-heading\"><a rel=\"noreferrer noopener\" aria-label=\"Visita alla fabbrica Yamaha MBK di Saint-Quentin Francia (opens in a new tab)\" href=\"https:\/\/www.mm1.ch\/2020\/01\/visita-alla-fabbrica-yamaha-mbk-di-saint-quintin-francia\/\" target=\"_blank\">Visita alla fabbrica Yamaha MBK di Saint-Quentin Francia 19.01.2020<\/a> <\/h3>\n\n\n\n<hr class=\"wp-block-separator\"\/>\n\n\n\n<h3 class=\"wp-block-heading\"><a href=\"https:\/\/www.mm1.ch\/2019\/10\/evento-motocross-cadrezzate-i-28-10-2019\/\" target=\"_blank\" rel=\"noreferrer noopener\" aria-label=\"Motocross Cadrezzate 28.10.2019 (opens in a new tab)\">Motocross Cadrezzate 28.10.2019<\/a><\/h3>\n\n\n\n<hr class=\"wp-block-separator\"\/>\n\n\n\n<h3 class=\"wp-block-heading\"><a href=\"https:\/\/www.mm1.ch\/2019\/10\/gentlemensride-ticino-2019-un-successo\/\" target=\"_blank\" rel=\"noreferrer noopener\" aria-label=\"Gentlemensride 2019 (opens in a new tab)\">Gentlemensride 2019<\/a><\/h3>\n\n\n\n<hr class=\"wp-block-separator\"\/>\n\n\n\n<h3 class=\"wp-block-heading\"><a href=\"https:\/\/www.mm1.ch\/2019\/03\/forchette-fondue-e-forcelle\/\" target=\"_blank\" rel=\"noreferrer noopener\" aria-label=\"Fondue, Forchette e Forcelle. Sabato 23 marzo 2019 (opens in a new tab)\">Fondue, Forchette e Forcelle. Sabato 23 marzo 2019<\/a><\/h3>\n\n\n\n<hr class=\"wp-block-separator\"\/>\n\n\n\n<h3 class=\"wp-block-heading\"><a href=\"https:\/\/www.mm1.ch\/2019\/01\/30-aprile-2019-giornata-in-pista-moto-e-auto-in-collaborazione-con-interrace-lp\/\" target=\"_blank\" rel=\"noopener noreferrer\">Interrace LP &amp; Moto M1 Race Days 30 aprile 2019 &#8211; Circuito Tazio Nuvolari (PV)<\/a><\/h3>\n\n\n\n<hr class=\"wp-block-separator\"\/>\n\n\n\n<h3 class=\"wp-block-heading\">&nbsp;<\/h3>\n\n\n\n<h3 class=\"wp-block-heading\">Interrace LP &amp; Moto M1 Race Days 2018 &#8211; Circuito Tazio Nuvolari (PV)<\/h3>\n\n\n\n<p>[Best_Wordpress_Gallery id=&#8221;81&#8243; gal_title=&#8221;Interrace Racedays Aprile 2018&#8243;]<\/p>\n\n\n\n<hr class=\"wp-block-separator\"\/>\n\n\n\n<h3 class=\"wp-block-heading\">Temporary Showroom Centro Tenero<\/h3>\n\n\n\n<p>[Best_Wordpress_Gallery id=&#8221;80&#8243; gal_title=&#8221;Expo Coop 2018&#8243;]<\/p>\n\n\n\n<hr class=\"wp-block-separator\"\/>\n\n\n\n<h3 class=\"wp-block-heading\"><b>EICMA 2017 &#8211; Milano<\/b><\/h3>\n\n\n\n[Best_Wordpress_Gallery id=&#8221;78&#8243; gal_title=&#8221;Eicma 2017&#8243;]<\/p>\n\n\n\n<hr class=\"wp-block-separator\"\/>\n\n\n\n<h3 class=\"wp-block-heading\">Ticino Ride . The 2017 Distinguished Gentlemans Ride<\/h3>\n\n\n\n<p>Domenica 24 settembre 2017, decine di migliaia di distinti signori in centinaia di citt\u00e0 sparse per il mondo hanno indossato la cravatta, arricciato i baffi, stirato i propri tweed ed inforcato le proprie motociclette classiche e d\u2019epoca per raccogliere fondi e sensibilizzare sull\u2019andrologia, in particolare la ricerca sul cancro alla prostata e la prevenzione del suicidio.<\/p>\n\n\n\n<p>Il Distinguished Gentleman\u2019s Ride \u00e8 stato fondato a Sidney, in Australia, da Mark Hawwa. \u00c8 stato ispirato da una foto di Don Draper, protagonista di Mad Men, a cavallo di una moto classica con addosso il suo abito migliore. Mark decise che un giro in moto a tema sarebbe stato un ottimo modo per combattere lo stereotipo, spesso negativo, dei motociclisti e, allo stesso tempo, per connettere le comunit\u00e0 motociclistiche esclusive.<\/p>\n\n\n\n<p>Quella prima manifestazione nel 2012 ha radunato oltre 2.500 motociclisti in 64 citt\u00e0. Il successo della manifestazione ha incoraggiato il fondatore a prendere in considerazione il modo in cui avrebbe potuto essere utilizzato a sostegno di una buona causa.<\/p>\n\n\n\n<p>[Best_Wordpress_Gallery id=&#8221;73&#8243; gal_title=&#8221;DGR 2017&#8243;]<\/p>\n\n\n\n<hr class=\"wp-block-separator\"\/>\n\n\n\n<h3 class=\"wp-block-heading\">Wheels &amp; Lake @ Wake Inn &amp; Watersports Tenero \/ Spilo Party 5<\/h3>\n\n\n\n<p>[Best_Wordpress_Gallery id=&#8221;71&#8243; gal_title=&#8221;Wheels&amp;Lake 2017&#8243;]<\/p>\n\n\n\n<hr class=\"wp-block-separator\"\/>\n\n\n\n<h3 class=\"wp-block-heading\">The Reunion Monza 2017<\/h3>\n\n\n\n<p>[Best_Wordpress_Gallery id=&#8221;67&#8243; gal_title=&#8221;The Reunion Monza 2017&#8243;]<\/p>\n\n\n\n<hr class=\"wp-block-separator\"\/>\n\n\n\n<h3 class=\"wp-block-heading\">Yamaha Riders Club Bangkok<\/h3>\n\n\n\n<p>Visita alla Yamaha Riders Club di Bangkok, febbraio 2017<\/p>\n\n\n\n<p>[Best_Wordpress_Gallery id=&#8221;61&#8243; gal_title=&#8221;Yamaha Riders Club Bangkok&#8221;]<\/p>\n\n\n\n<hr class=\"wp-block-separator\"\/>\n\n\n\n<h3 class=\"wp-block-heading\">Zeus Custom Shop Bangkok<\/h3>\n\n\n\n<p>Visita alla Zeus Custom Shop di Bangkok, febbraio 2017<\/p>\n\n\n\n<p>[Best_Wordpress_Gallery id=&#8221;60&#8243; gal_title=&#8221;Zeus Bangkok&#8221;]<\/p>\n\n\n\n<hr class=\"wp-block-separator\"\/>\n\n\n\n<h3 class=\"wp-block-heading\">Di Traverso School &#8211; Flat Track by Marco Belli 21 ottobre 2016<\/h3>\n\n\n\n<p>Una splendida giornata tutta di traverso sulla pista di Cadeo (PV) con le istruzioni professionali del campione di Flat Tack Marco belli ed il suo team. Ci \u00e8 stato fornito tutto il necessario comprese 8 YAMAHA SR400 preparate appositamente per il flat track in collaborazione con Deus Ex Machina. E per la prima volta anche la XT500DT (la Celestina) si \u00e8 fatta qualche giro in pista&#8230; proprio con Marco Belli! Un&#8217;esperienza indimenticabile!<\/p>\n\n\n\n<p>[Best_Wordpress_Gallery id=&#8221;19&#8243; gal_title=&#8221;Di Traverso School 211016&#8243;]<\/p>\n\n\n\n<hr class=\"wp-block-separator\"\/>\n\n\n\n<h3 class=\"wp-block-heading\">Lago Maggiore Ride . The 2016 Distinguished Gentlemans Ride<\/h3>\n\n\n\n<p>Distinguished Gentleman&#8217;s Ride 2016, un evento internazionale di beneficenza per moto classiche e d&#8217;epoca che mira a sensibilizzare e a raccogliere fondi per i programmi di andrologia della Movember Foundation. Domenica 25 settembre, oltre 50.000 eleganti motociclisti in pi\u00f9 di 500 citt\u00e0 in 90 paesi si sono radunati, a cavallo delle proprie moto esclusive, per il pi\u00f9 grande evento motociclistico di beneficenza del mondo. Le foto rappresentano l&#8217;evento organizzato sul Lago Maggiore da&nbsp;Andrea Boschetti e Urs Blumer. L&#8217;ottima organizzazione e la magnifica meteo hanno reso questa giornata davvero speciale! Grazie!<\/p>\n\n\n\n<p>[Best_Wordpress_Gallery id=&#8221;13&#8243; gal_title=&#8221;DGR 2016&#8243;]<\/p>\n\n\n\n<hr class=\"wp-block-separator\"\/>\n\n\n\n<h3 class=\"wp-block-heading\">The Reunion Monza 2016<\/h3>\n\n\n\n<p>[Best_Wordpress_Gallery id=&#8221;20&#8243; gal_title=&#8221;The Reunion Monza 2016&#8243;]<\/p>\n\n\n\n<hr class=\"wp-block-separator\"\/>\n\n\n\n<h3 class=\"wp-block-heading\">Slovakiaring Maggio 2016 &#8211; Evento Privato<\/h3>\n\n\n\n<p>[Best_Wordpress_Gallery id=&#8221;29&#8243; gal_title=&#8221;Slovakiaring Maggio 2016&#8243;]<\/p>\n\n\n\n<hr class=\"wp-block-separator\"\/>\n\n\n\n<h3 class=\"wp-block-heading\">Interrace Race Days 2016- Circuito Tazio Nuvolari (PV)<\/h3>\n\n\n\n<p>[Best_Wordpress_Gallery id=&#8221;21&#8243; gal_title=&#8221;Interrace Racedays Aprile 2016&#8243;]<\/p>\n\n\n\n<hr class=\"wp-block-separator\"\/>\n\n\n\n<h3 class=\"wp-block-heading\">Bread &amp; Salam 2015 &#8211; Cecima (PV)<\/h3>\n\n\n\n<p>[Best_Wordpress_Gallery id=&#8221;22&#8243; gal_title=&#8221;Breat and Salam Pavia 2015&#8243;]<\/p>\n\n\n\n<hr class=\"wp-block-separator\"\/>\n\n\n\n<h3 class=\"wp-block-heading\">Deus Ex Machina Sydney &#8211; Australia 2015<\/h3>\n\n\n\n<p>[Best_Wordpress_Gallery id=&#8221;14&#8243; gal_title=&#8221;Deus Ex Machina Sydney&#8221;]<\/p>\n\n\n\n<hr class=\"wp-block-separator\"\/>\n\n\n\n<h3 class=\"wp-block-heading\">Deus Ex Machina Byron Bay &#8211; Australia 2015<\/h3>\n\n\n\n<p>[Best_Wordpress_Gallery id=&#8221;15&#8243; gal_title=&#8221;Deus Ex Machina Byron Bay&#8221;]<\/p>\n\n\n\n<hr class=\"wp-block-separator\"\/>\n\n\n\n<h3 class=\"wp-block-heading\">Temporary Showroom &#8211; Centro Coop Tenero 2015<\/h3>\n\n\n\n<p>[Best_Wordpress_Gallery id=&#8221;18&#8243; gal_title=&#8221;Expo Coop 2015&#8243;]<\/p>\n\n\n\n<hr class=\"wp-block-separator\"\/>\n\n\n\n<h3 class=\"wp-block-heading\">Esposizione Centro Coop Tenero 2014<\/h3>\n\n\n\n<p>[Best_Wordpress_Gallery id=&#8221;16&#8243; gal_title=&#8221;Expo Coop 2014&#8243;]<\/p>\n\n\n\n<hr class=\"wp-block-separator\"\/>\n\n\n\n<h3 class=\"wp-block-heading\">Motorland Aragon 2014 &#8211; Evento Privato<\/h3>\n\n\n\n<p>[Best_Wordpress_Gallery id=&#8221;12&#8243; gal_title=&#8221;Aragon&#8221;]<\/p>\n\n\n\n<hr class=\"wp-block-separator\"\/>\n\n\n\n<h3 class=\"wp-block-heading\">TT-Tourist Trophy 2014 &#8211; Isle of Man<\/h3>\n\n\n\n<p>[Best_Wordpress_Gallery id=&#8221;23&#8243; gal_title=&#8221;TT2014&#8243;]<\/p>\n\n\n\n<hr class=\"wp-block-separator\"\/>\n\n\n\n<h3 class=\"wp-block-heading\">Ticino Nautica 2014 &#8211; Ascona<\/h3>\n\n\n\n<p>[Best_Wordpress_Gallery id=&#8221;24&#8243; gal_title=&#8221;Ticino Nautica Ascona  2014&#8243;]<\/p>\n\n\n\n<hr class=\"wp-block-separator\"\/>\n\n\n\n<h3 class=\"wp-block-heading\">Novegro Mostra-Scambio 2013<\/h3>\n\n\n\n<p>[Best_Wordpress_Gallery id=&#8221;25&#8243; gal_title=&#8221;Mostra scambio Novegro (MI) 2013&#8243;]<\/p>\n\n\n\n<hr class=\"wp-block-separator\"\/>\n\n\n\n<h3 class=\"wp-block-heading\">Ticino Nautica 2013 &#8211; Ascona<\/h3>\n\n\n\n<p>[Best_Wordpress_Gallery id=&#8221;26&#8243; gal_title=&#8221;Ticino Nautica Ascona  2013&#8243;]<\/p>\n\n\n\n<hr class=\"wp-block-separator\"\/>\n\n\n\n<h3 class=\"wp-block-heading\">Deus Ex Machina Milano 2013<\/h3>\n\n\n\n<p>[Best_Wordpress_Gallery id=&#8221;17&#8243; gal_title=&#8221;Deus Ex Machina Milano&#8221;]<\/p>\n\n\n\n<hr class=\"wp-block-separator\"\/>\n\n\n\n<h3 class=\"wp-block-heading\">Locarno Nautica 2010<\/h3>\n\n\n\n<p>[Best_Wordpress_Gallery id=&#8221;27&#8243; gal_title=&#8221;Locarno Nautica 2010&#8243;]<\/p>\n\n\n\n<hr class=\"wp-block-separator\"\/>\n\n\n\n<h3 class=\"wp-block-heading\">Visita Hostettler AG 2009<\/h3>\n\n\n\n<p>[Best_Wordpress_Gallery id=&#8221;28&#8243; gal_title=&#8221;Hostettler AG 2009&#8243;]<\/p>\n","protected":false},"excerpt":{"rendered":"<p>Visita alla fabbrica Yamaha MBK di Saint-Quentin Francia 19.01.2020 Motocross Cadrezzate 28.10.2019 Gentlemensride 2019 Fondue, Forchette e Forcelle. Sabato 23&hellip; <\/p>\n","protected":false},"author":1,"featured_media":0,"parent":0,"menu_order":0,"comment_status":"closed","ping_status":"closed","template":"","meta":{"footnotes":""},"class_list":["post-258","page","type-page","status-publish","hentry"],"translation":{"provider":"WPGlobus","version":"3.0.2","language":"fr","enabled_languages":["it","en","de","fr"],"languages":{"it":{"title":true,"content":true,"excerpt":false},"en":{"title":true,"content":false,"excerpt":false},"de":{"title":true,"content":false,"excerpt":false},"fr":{"title":true,"content":false,"excerpt":false}}},"aioseo_notices":[],"_links":{"self":[{"href":"https:\/\/mm1.ch\/fr\/wp-json\/wp\/v2\/pages\/258","targetHints":{"allow":["GET"]}}],"collection":[{"href":"https:\/\/mm1.ch\/fr\/wp-json\/wp\/v2\/pages"}],"about":[{"href":"https:\/\/mm1.ch\/fr\/wp-json\/wp\/v2\/types\/page"}],"author":[{"embeddable":true,"href":"https:\/\/mm1.ch\/fr\/wp-json\/wp\/v2\/users\/1"}],"replies":[{"embeddable":true,"href":"https:\/\/mm1.ch\/fr\/wp-json\/wp\/v2\/comments?post=258"}],"version-history":[{"count":0,"href":"https:\/\/mm1.ch\/fr\/wp-json\/wp\/v2\/pages\/258\/revisions"}],"wp:attachment":[{"href":"https:\/\/mm1.ch\/fr\/wp-json\/wp\/v2\/media?parent=258"}],"curies":[{"name":"wp","href":"https:\/\/api.w.org\/{rel}","templated":true}]}}