{"id":265,"date":"2016-10-11T21:56:10","date_gmt":"2016-10-11T21:56:10","guid":{"rendered":"http:\/\/mm1.ch\/?page_id=265"},"modified":"2020-12-15T10:57:01","modified_gmt":"2020-12-15T10:57:01","slug":"patente","status":"publish","type":"page","link":"https:\/\/mm1.ch\/fr\/patente\/","title":{"rendered":"Patente"},"content":{"rendered":"\n<h1 class=\"wp-block-heading\">Aggiornamenti Cat. A \/ A1 ecco cosa cambia dal 1.1.2021<\/h1>\n\n\n\n<div style=\"height:100px\" aria-hidden=\"true\" class=\"wp-block-spacer\"><\/div>\n\n\n\n<h3 class=\"wp-block-heading\">A1-limitata<\/h3>\n\n\n\n<p>La categoria A1 limitata a 45Km\/h diverr\u00e0 A1-limitata e sar\u00e0 possibile richiederla dai 15 anni (finora 16). Le motoleggere di detta categoria saranno al massimo di 50cc o 4Kw di potenza e limitate a 45Km\/h.<\/p>\n\n\n\n<h3 class=\"wp-block-heading\">A1<\/h3>\n\n\n\n<p>Dal 1.1.21 i motoveicoli della ca. A1 (125cc, 11Kw) si potranno guidare gi\u00e0 dai 16 anni. Questi veicoli potranno essere utilizzati anche sulle autostrade svizzere ( min. 125cc, in Italia min. 150cc.).<\/p>\n\n\n\n<h3 class=\"wp-block-heading\">A limitata a 35 kW<\/h3>\n\n\n\n<p>L\u2019et\u00e0 minima per l&#8217;accesso alla categoria A limitata non cambia ovvero 18 anni.<\/p>\n\n\n\n<h3 class=\"wp-block-heading\">A<\/h3>\n\n\n\n<p>Dal 1 gennaio 2021 non esister\u00e0 pi\u00f9 la possibilit\u00e0 di accesso diretto alla categoria A illimitata. Fino al 31.12.2020 coloro che avevano pi\u00f9 di 25 anni potevano richiederla senza mai aver posseduto una licenza di una categoria inferiore.<br>Quindi per coloro che hanno gi\u00e0 25 anni o li compiono nel corso del 2020 e desiderano accedere alla cat.A illimitata, l\u2019ultima occasione per ottenerla \u00e9 richiedere la licenza per allievo conducente entro il 31.12 20.<\/p>\n\n\n\n<p>Dal 1.1.2021 tutti i conducenti a partire da 18 anni et\u00e0, per accedere alla categoria A illimitata, dovranno prima aver posseduto la licenza A-limitata 35kW per almeno 2 anni.<\/p>\n\n\n\n<p><br> <\/p>\n\n\n\n<h3 class=\"wp-block-heading\">REGOLE TRANSITORIE <br>A limitata a 35Kw \/ A illimitata<\/h3>\n\n\n\n<p>Come deciso dal Consiglio federale a fine 2018, dal 1\u00b0 gennaio 2021  non sar\u00e0 pi\u00f9 possibile accedere senza esame alle categorie superiori di licenza di condurre per motoveicoli. L\u2019unica eccezione riguarda chi avr\u00e0 conseguito la categoria A \u00ablimitata a 35 kW\u00bb prima del 31.12.2020, in quanto potr\u00e0 avvalersi del diritto vigente e far sopprimere la limitazione della potenza dopo due anni di guida senza infrazioni.<br>Fino a fine 2020, con un motoveicolo la cui potenza del motore \u00e8 esattamente di 35 kW si potr\u00e0 sostenere l\u2019esame di guida sia per la categoria A \u00abillimitata\u00bb sia per quella \u00ablimitata a 35 kW\u00bb.<br>Dal 1\u00b0 gennaio 2021 lo stesso mezzo sar\u00e0 ammesso unicamente per la categoria A \u00ablimitata a 35 kW\u00bb.<\/p>\n\n\n\n<p>Dalla primavera 2020 la pandemia ha fatto scaturire situazioni eccezionali. Le abitudini della popolazione svizzera in fatto di mobilit\u00e0 sono cambiate, facendo aumentare notevolmente la domanda di motoveicoli e di conseguenza la relativa formazione di guida. La chiusura forzata di uffici cantonali e centri di formazione ha impedito lo svolgimento di corsi di formazione pratica di base per allievi conducenti ed esami di guida. <br>Tutto ci\u00f2 porta per alcuni l\u2019impossibilit\u00e0, senza alcuna loro responsabilit\u00e0, di conseguire la categoria \u00abA limitata\u00bb entro la fine del 2020 e di conseguenza di godere del diritto al rilascio senza esame della categoria \u00abA illimitata\u00bb previsto dalle disposizioni transitorie. Al momento della decisione di fine 2018 non era possibile prevedere sviluppi simili.<br>Al fine di evitare casi particolarmente penalizzanti in seguito a dette circostanze, visto l\u2019articolo 150 capoverso 6 dell\u2019ordinanza sull\u2019ammissione alla circolazione (OAC; RS 7 41.51 ), l\u2019USTRA emana le<br>seguenti istruzioni:<\/p>\n\n\n\n<p>1. Conseguimento senza esame della categoria A illimitata<br>A integrazione dell\u2019articolo 151\/ capoverso 3 OAC nella versione del 14 dicembre 2018, il limite di&nbsp; potenza della categoria A \u00e8 soppresso su richiesta del titolare della licenza di condurre non prima di due anni dal rilascio, se l\u2019interessato:<br>a) ha ottenuto prima del 1 \u00b0 gennaio 2021 una licenza per allievo conducente di categoria A, limitata a una potenza del motore di 35 kW e a un rapporta tra potenza del motore e peso a vuoto di 0,20 kW\/kg;<br>b) ha superato l\u2019esame pratico di guida entro il 30 giugno 2021 con la suddetta licenza in corso di validit\u00e0; e<br>c) nei due anni precedenti la presentazione della domanda di soppressione del limite della potenza all\u2019autorit\u00e0 cantonale non ha commesso infrazioni alle norme della circolazione stradale implicanti la revoca della licenza di condurre.<\/p>\n\n\n\n<p>2. Veicolo d\u2019esame per il conseguimento della categoria A illimitata<br>i titolari di una licenza per allievo conducente di categoria A per motoveicoli con potenza del motore illimitata, rilasciata entra il 31 dicembre 2020 e in corso di validit\u00e0, possono, in deroga alla cifra V dell\u2019allegato 12 OAC nella versione del. 14 dicembre 2018, sostenere l\u2019esame pratico di conducente anche dopo il 31 dicembre 2020 con un motoveicolo a due posti, senza carrazzino laterale e avente una potenza di almeno 35 kW.<br>3. Le presenti istruzioni entrano in vigore il 1 \u00b0 gennaio 2021.<\/p>\n\n\n<h2>Informazioni e formulari<\/h2>\n<ul>\n<li><a href=\"http:\/\/mm1.ch\/wp-content\/uploads\/2016\/10\/licenze_categorie.pdf\" target=\"_blank\" rel=\"noopener noreferrer\">Licenze e categorie<\/a><\/li>\n<li><a href=\"https:\/\/mm1.ch\/informazioni-esame-pratico\/\">Informazioni sull&#8217;esame pratico moto\/scooter<\/a><\/li>\n<li><a href=\"http:\/\/mm1.ch\/wp-content\/uploads\/2016\/10\/allievo_conducente.pdf\" target=\"_blank\" rel=\"noopener noreferrer\">Informazioni per l&#8217;allievo conducente<\/a><\/li>\n<li><a href=\"http:\/\/mm1.ch\/wp-content\/uploads\/2016\/10\/MOD20051128-rilascio-licenza-allievo-conducente-conducenti.pdf\" target=\"_blank\" rel=\"noopener noreferrer\">Formulario di richiesta rilascio licenza per allievo conducente<\/a><\/li>\n<li><span style=\"color: #ff0000;\">Dal 8.6.2017 valgono le seguenti nuove direttive per i veicoli con i quali ci si presenta all&#8217;esame pratico:<\/span><\/li>\n<\/ul>\n<p style=\"padding-left: 30px;\"><strong>Categoria A, non limitata:<\/strong><\/p>\n<p style=\"padding-left: 90px;\">Una moto senza carrozzino con una potenza di almeno 35kW e 2 posti a sedere<\/p>\n<p style=\"padding-left: 30px;\"><strong>Categoria A limitata a 35kW:\u00a0<\/strong><\/p>\n<p style=\"padding-left: 90px;\">Una moto senza carrozzino con una potenza di al massimo 35kW, 2 posti a sedere, esclusi i veicoli appartenenti alla categoria A1<\/p>\n<ul>\n<li><a href=\"https:\/\/mm1.ch\/wp-content\/uploads\/2017\/06\/Direttive_veicoli_esami.pdf\">Nuova direttiva ASTRA a partire dal 8.6.17 (in tedesco)<\/a><\/li>\n<li><a href=\"https:\/\/mm1.ch\/moto-35kw\/\">Moto Yamaha in categoria 35kW<\/a><\/li>\n<li><a href=\"https:\/\/mm1.ch\/scooter-35kw\/\">Scooter Yamaha in categoria 35kW<\/a><\/li>\n<\/ul>\n<h3>Siti internet<\/h3>\n<hr \/>\n<h3>La via per la patente<\/h3>\n\n<!-- iframe plugin v.6.0 wordpress.org\/plugins\/iframe\/ -->\n<iframe loading=\"lazy\" src=\"https:\/\/fuehrerausweise.ch\/it\/la-via-per-la-patente\/\" width=\"1400\" height=\"1600\" scrolling=\"yes\" class=\"iframe-class\" frameborder=\"0\"><\/iframe>\n\n<hr \/>\n<h3><a href=\"https:\/\/fuehrerausweise.ch\/it\/categorie\/\">Le categorie<\/a><\/h3>\n\n<!-- iframe plugin v.6.0 wordpress.org\/plugins\/iframe\/ -->\n<iframe loading=\"lazy\" src=\"https:\/\/fuehrerausweise.ch\/it\/categorie\/\" width=\"1400\" height=\"1400\" scrolling=\"yes\" class=\"iframe-class\" frameborder=\"0\"><\/iframe>\n\n<hr \/>\n<h3><a href=\"https:\/\/fuehrerausweise.ch\/it\/informazioni\/\">Informazioni<\/a><\/h3>\n\n<!-- iframe plugin v.6.0 wordpress.org\/plugins\/iframe\/ -->\n<iframe loading=\"lazy\" src=\"https:\/\/fuehrerausweise.ch\/it\/informazioni\/\" width=\"1400\" height=\"1400\" scrolling=\"yes\" class=\"iframe-class\" frameborder=\"0\"><\/iframe>\n\n<hr \/>\n<h3>Virelli Autoscuola Auto &#8211; Moto &#8211; Nautica<\/h3>\n\n<!-- iframe plugin v.6.0 wordpress.org\/plugins\/iframe\/ -->\n<iframe loading=\"lazy\" src=\"http:\/\/www.virelli.ch\" width=\"100%\" height=\"500\" scrolling=\"yes\" class=\"iframe-class\" frameborder=\"0\"><\/iframe>\n\n<p>\u00a0<\/p>","protected":false},"excerpt":{"rendered":"<p>Aggiornamenti Cat. A \/ A1 ecco cosa cambia dal 1.1.2021 A1-limitata La categoria A1 limitata a 45Km\/h diverr\u00e0 A1-limitata e&hellip; <\/p>\n","protected":false},"author":1,"featured_media":0,"parent":0,"menu_order":0,"comment_status":"closed","ping_status":"closed","template":"","meta":{"footnotes":""},"class_list":["post-265","page","type-page","status-publish","hentry"],"translation":{"provider":"WPGlobus","version":"3.0.2","language":"fr","enabled_languages":["it","en","de","fr"],"languages":{"it":{"title":true,"content":true,"excerpt":false},"en":{"title":false,"content":false,"excerpt":false},"de":{"title":false,"content":false,"excerpt":false},"fr":{"title":false,"content":false,"excerpt":false}}},"aioseo_notices":[],"_links":{"self":[{"href":"https:\/\/mm1.ch\/fr\/wp-json\/wp\/v2\/pages\/265","targetHints":{"allow":["GET"]}}],"collection":[{"href":"https:\/\/mm1.ch\/fr\/wp-json\/wp\/v2\/pages"}],"about":[{"href":"https:\/\/mm1.ch\/fr\/wp-json\/wp\/v2\/types\/page"}],"author":[{"embeddable":true,"href":"https:\/\/mm1.ch\/fr\/wp-json\/wp\/v2\/users\/1"}],"replies":[{"embeddable":true,"href":"https:\/\/mm1.ch\/fr\/wp-json\/wp\/v2\/comments?post=265"}],"version-history":[{"count":0,"href":"https:\/\/mm1.ch\/fr\/wp-json\/wp\/v2\/pages\/265\/revisions"}],"wp:attachment":[{"href":"https:\/\/mm1.ch\/fr\/wp-json\/wp\/v2\/media?parent=265"}],"curies":[{"name":"wp","href":"https:\/\/api.w.org\/{rel}","templated":true}]}}