{"id":274,"date":"2016-10-11T21:58:08","date_gmt":"2016-10-11T21:58:08","guid":{"rendered":"http:\/\/mm1.ch\/?page_id=274"},"modified":"2026-01-04T12:00:10","modified_gmt":"2026-01-04T11:00:10","slug":"chi-e-dove-siamo","status":"publish","type":"page","link":"https:\/\/mm1.ch\/fr\/chi-e-dove-siamo\/","title":{"rendered":"O\u00f9 nous sommes \/ Horaires d&#8217;ouverture"},"content":{"rendered":"\n<figure class=\"wp-block-image\"><img loading=\"lazy\" decoding=\"async\" width=\"1024\" height=\"768\" src=\"https:\/\/mm1.ch\/wp-content\/uploads\/2019\/01\/IMG_20181215_143844-2-1024x768.jpg\" alt=\"\" class=\"wp-image-4158\" srcset=\"https:\/\/mm1.ch\/wp-content\/uploads\/2019\/01\/IMG_20181215_143844-2-1024x768.jpg 1024w, https:\/\/mm1.ch\/wp-content\/uploads\/2019\/01\/IMG_20181215_143844-2-300x225.jpg 300w, https:\/\/mm1.ch\/wp-content\/uploads\/2019\/01\/IMG_20181215_143844-2-768x576.jpg 768w\" sizes=\"auto, (max-width: 1024px) 100vw, 1024px\" \/><figcaption class=\"wp-element-caption\"><br><\/figcaption><\/figure>\n\n\n<h2><strong>Notre slogan: <span style=\"color: #ff0000;\">Just add gasoline<\/span><\/strong><\/h2>\n<h2 class=\"tw-data-text tw-ta tw-text-small\" dir=\"ltr\" data-placeholder=\"Traduzione\">Vous n&#8217;avez qu&#8217;\u00e0 penser \u00e0 l&#8217;essence, nous nous occupons du reste!<\/h2>\n<hr \/>\n<h2><strong>Horaires d&#8217;ouverture:<\/strong><\/h2>\n<h3><span style=\"color: #ff0000;\"><strong>EXPOSITION<\/strong><\/span><\/h3>\n<h4>Lund\u00ec ferm\u00e9e<\/h4>\n<h4>Mard\u00ec &#8211; Vendred\u00ec 8.00 &#8211; 12.00 \/ 13.30 &#8211; 18.00<\/h4>\n<h4>Samedi<br \/>de mars a octobre 9.00 &#8211; 16.00<br \/>de novembre a f\u00e9vrier 9.00 &#8211; 12.00<\/h4>\n<h3><span style=\"color: #ff0000;\"><strong>ATELIER<\/strong><\/span><\/h3>\n<h4>Lund\u00ec OUVERT POUR LA LIVRAISON ET LA RECEPTION DES VEHICULES<\/h4>\n<h4>Mard\u00ec &#8211; Vendred\u00ec 8.00 &#8211; 12.00 \/ 13.30 &#8211; 18.00<\/h4>\n<h4>Samed\u00ec ferm\u00e9<\/h4>\n<hr \/>\n<h2><strong>Contact:<\/strong><\/h2>\n<h4>T\u00e9l\u00e9phon: +41 (0) 91 859 05 05<\/h4>\n<h4>Mobile (Whatsapp et SMS, seulement messages, pas d&#8217;appels): <br \/>+41 (0) 79 859 05 05<\/h4>\n<h4>Mail: info@mm1.ch<\/h4>\n<hr \/>\n<h2><strong>Adresse:<\/strong><\/h2>\n<h4>Moto M1 SA<br \/>Via Campagna 3<br \/>6595 Riazzino &#8211; Switzerland<\/h4>\n<h4><a href=\"https:\/\/www.google.ch\/maps\/dir\/\/''\/@46.1749575,8.8096155,12z\/data=!4m8!4m7!1m0!1m5!1m1!1s0x4785b588c3aa4305:0xd19db66cf9d7d526!2m2!1d8.8797956!2d46.175195?entry=ttu&amp;g_ep=EgoyMDI1MTIwOS4wIKXMDSoKLDEwMDc5MjA3M0gBUAM%3D\" target=\"_blank\" rel=\"noopener\">CLIQUE ICI ET LAISSE-TOI GUIDER PAR GOOGLE MAPS<\/a><\/h4>\n<hr \/>\n<h2>Carte:<\/h2>\n<p><iframe loading=\"lazy\" style=\"border: 0;\" src=\"https:\/\/www.google.com\/maps\/embed?pb=!1m18!1m12!1m3!1d22101.476667330342!2d8.834792525012688!3d46.17693415684075!2m3!1f0!2f0!3f0!3m2!1i1024!2i768!4f13.1!3m3!1m2!1s0x4785b588c3aa4305%3A0xd19db66cf9d7d526!2sMoto+M1+SA+-+YAMAHA+Motorcycles!5e0!3m2!1sit!2sch!4v1516777643919\" width=\"800\" height=\"600\" frameborder=\"0\" allowfullscreen=\"allowfullscreen\"><\/iframe><\/p>","protected":false},"excerpt":{"rendered":"<p>Notre slogan: Just add gasoline Vous n&#8217;avez qu&#8217;\u00e0 penser \u00e0 l&#8217;essence, nous nous occupons du reste! Horaires d&#8217;ouverture: EXPOSITION Lund\u00ec&hellip; <\/p>\n","protected":false},"author":1,"featured_media":0,"parent":0,"menu_order":0,"comment_status":"closed","ping_status":"closed","template":"","meta":{"footnotes":""},"class_list":["post-274","page","type-page","status-publish","hentry"],"translation":{"provider":"WPGlobus","version":"3.0.2","language":"fr","enabled_languages":["it","en","de","fr"],"languages":{"it":{"title":true,"content":true,"excerpt":false},"en":{"title":true,"content":true,"excerpt":false},"de":{"title":true,"content":true,"excerpt":false},"fr":{"title":true,"content":true,"excerpt":false}}},"aioseo_notices":[],"_links":{"self":[{"href":"https:\/\/mm1.ch\/fr\/wp-json\/wp\/v2\/pages\/274","targetHints":{"allow":["GET"]}}],"collection":[{"href":"https:\/\/mm1.ch\/fr\/wp-json\/wp\/v2\/pages"}],"about":[{"href":"https:\/\/mm1.ch\/fr\/wp-json\/wp\/v2\/types\/page"}],"author":[{"embeddable":true,"href":"https:\/\/mm1.ch\/fr\/wp-json\/wp\/v2\/users\/1"}],"replies":[{"embeddable":true,"href":"https:\/\/mm1.ch\/fr\/wp-json\/wp\/v2\/comments?post=274"}],"version-history":[{"count":0,"href":"https:\/\/mm1.ch\/fr\/wp-json\/wp\/v2\/pages\/274\/revisions"}],"wp:attachment":[{"href":"https:\/\/mm1.ch\/fr\/wp-json\/wp\/v2\/media?parent=274"}],"curies":[{"name":"wp","href":"https:\/\/api.w.org\/{rel}","templated":true}]}}