{"id":276,"date":"2016-10-11T21:58:22","date_gmt":"2016-10-11T21:58:22","guid":{"rendered":"http:\/\/mm1.ch\/?page_id=276"},"modified":"2016-11-17T01:06:43","modified_gmt":"2016-11-16T23:06:43","slug":"richiesta-appuntamento-in-officina","status":"publish","type":"page","link":"https:\/\/mm1.ch\/fr\/richiesta-appuntamento-in-officina\/","title":{"rendered":"Richiesta appuntamento in officina"},"content":{"rendered":"<div class=\"frm_forms  with_frm_style frm_style_formidable-style\" id=\"frm_form_5_container\" >\n<form enctype=\"multipart\/form-data\" method=\"post\" class=\"frm-show-form  frm_pro_form \" id=\"form_contact3\" >\n<div class=\"frm_form_fields \">\n<fieldset>\n<legend class=\"frm_hidden\">Richiesta appuntamento in officina<\/legend>\r\n\r\n<div class=\"frm_fields_container\">\n<input type=\"hidden\" name=\"frm_action\" value=\"create\" \/>\n<input type=\"hidden\" name=\"form_id\" value=\"5\" \/>\n<input type=\"hidden\" name=\"frm_hide_fields_5\" id=\"frm_hide_fields_5\" value=\"\" \/>\n<input type=\"hidden\" name=\"form_key\" value=\"contact3\" \/>\n<input type=\"hidden\" name=\"item_meta[0]\" value=\"\" \/>\n<input type=\"hidden\" id=\"frm_submit_entry_5\" name=\"frm_submit_entry_5\" value=\"0b13b41921\" \/><input type=\"hidden\" name=\"_wp_http_referer\" value=\"\/fr\/wp-json\/wp\/v2\/pages\/276\" \/><div id=\"frm_field_16_container\" class=\"frm_form_field form-field  frm_required_field frm_top_container frm_first frm_half\">\r\n    <label for=\"field_qh4icy3\" class=\"frm_primary_label\">Cognome \/ Last Name \/ Vorname \/ Pr\u00e9nom\r\n        <span class=\"frm_required\">*<\/span>\r\n    <\/label>\r\n    <input  type=\"text\" id=\"field_qh4icy3\" name=\"item_meta[16]\" value=\"\"  style=\"width:350px\" data-reqmsg=\"Questo campo non pu\u00f2 essere vuoto.\" aria-required=\"true\" data-invmsg=\"Cognome \/ Last Name \/ Vorname \/ Pr\u00e9nom non \u00e8 valido\" class=\"auto_width\" aria-invalid=\"false\"   \/>\r\n    \r\n    \r\n<\/div>\n<div id=\"frm_field_34_container\" class=\"frm_form_field form-field  frm_required_field frm_top_container\">\r\n    <label for=\"field_2xzig\" class=\"frm_primary_label\">Nome \/ First Name \/ Name \/ Nom\r\n        <span class=\"frm_required\">*<\/span>\r\n    <\/label>\r\n    <input  type=\"text\" id=\"field_2xzig\" name=\"item_meta[34]\" value=\"\"  style=\"width:350px\" data-reqmsg=\"Questo campo non pu\u00f2 essere vuoto.\" aria-required=\"true\" data-invmsg=\"Nome \/ First Name \/ Name \/ Nom non \u00e8 valido\" class=\"auto_width\" aria-invalid=\"false\"   \/>\r\n    \r\n    \r\n<\/div>\n<div id=\"frm_field_24_container\" class=\"frm_form_field form-field  frm_required_field frm_top_container\">\r\n    <label for=\"field_ju1fu\" class=\"frm_primary_label\">Indirizzo \/ Address \/ Adresse \/ Adresse\r\n        <span class=\"frm_required\">*<\/span>\r\n    <\/label>\r\n    <input  type=\"text\" id=\"field_ju1fu\" name=\"item_meta[24]\" value=\"\"  style=\"width:400px\" data-reqmsg=\"Questo campo non pu\u00f2 essere vuoto.\" aria-required=\"true\" data-invmsg=\"Indirizzo \/ Address \/ Adresse \/ Adresse non \u00e8 valido\" class=\"auto_width\" aria-invalid=\"false\"   \/>\r\n    \r\n    \r\n<\/div>\n<div id=\"frm_field_18_container\" class=\"frm_form_field form-field  frm_required_field frm_top_container\">\r\n    <label for=\"field_29yf4d3\" class=\"frm_primary_label\">Telefono \/ Phone \/ Telephone \/ T\u00e9l\u00e9phon\r\n        <span class=\"frm_required\">*<\/span>\r\n    <\/label>\r\n    <input  type=\"text\" id=\"field_29yf4d3\" name=\"item_meta[18]\" value=\"\"  style=\"width:350px\" data-reqmsg=\"Questo campo non pu\u00f2 essere vuoto.\" aria-required=\"true\" data-invmsg=\"Telefono \/ Phone \/ Telephone \/ T\u00e9l\u00e9phon non \u00e8 valido\" class=\"auto_width\" aria-invalid=\"false\"   \/>\r\n    \r\n    \r\n<\/div>\n<div id=\"frm_field_19_container\" class=\"frm_form_field form-field  frm_required_field frm_top_container\">\r\n    <label for=\"field_itt5me2\" class=\"frm_primary_label\">Email\r\n        <span class=\"frm_required\">*<\/span>\r\n    <\/label>\r\n    <input type=\"email\" id=\"field_itt5me2\" name=\"item_meta[19]\" value=\"\"  style=\"width:350px\" data-reqmsg=\"Questo campo non pu\u00f2 essere vuoto.\" aria-required=\"true\" data-invmsg=\"Prego inserire una mail corretta\" class=\"auto_width\" aria-invalid=\"false\"  \/>\r\n    \r\n    \r\n<\/div>\n<div id=\"frm_field_25_container\" class=\"frm_form_field form-field  frm_required_field frm_top_container\">\r\n    <label for=\"field_hoodc\" class=\"frm_primary_label\">Marca \/ Brand \/ Marke \/ Marque\r\n        <span class=\"frm_required\">*<\/span>\r\n    <\/label>\r\n    \t\t<select name=\"item_meta[25]\" id=\"field_hoodc\"  data-frmval=\"YAMAHA\" data-reqmsg=\"Questo campo non pu\u00f2 essere vuoto.\" aria-required=\"true\" data-invmsg=\"Marca \/ Brand \/ Marke \/ Marque is invalid\" class=\"auto_width\" aria-invalid=\"false\"  >\n\t\t<option  value=\"YAMAHA\" selected='selected'>YAMAHA<\/option><option  value=\"HONDA\">HONDA<\/option><option  value=\"KAWASAKI\">KAWASAKI<\/option><option  value=\"SUZUKI\">SUZUKI<\/option><option  value=\"BMW\">BMW<\/option><option  value=\"DUCATI\">DUCATI<\/option><option  value=\"MV-AGUSTA\">MV-AGUSTA<\/option><option  value=\"HARLEY-DAVIDSON\">HARLEY-DAVIDSON<\/option><option  value=\"PIAGGIO\">PIAGGIO<\/option><option  value=\"GILERA\">GILERA<\/option><option  value=\"KTM\">KTM<\/option><option  value=\"TRIUMPH\">TRIUMPH<\/option><option  value=\"MASH\">MASH<\/option><option  value=\"KYMCO\">KYMCO<\/option><option  value=\"SYM\">SYM<\/option><option  value=\"ALTRA MARCA\">ALTRA MARCA<\/option>\t<\/select>\n\t\r\n    \r\n    \r\n<\/div>\n<div id=\"frm_field_26_container\" class=\"frm_form_field form-field  frm_required_field frm_top_container\">\r\n    <label for=\"field_te2lz\" class=\"frm_primary_label\">Modello \/ Model \/ Modell \/ Mod\u00e8le\r\n        <span class=\"frm_required\">*<\/span>\r\n    <\/label>\r\n    <input  type=\"text\" id=\"field_te2lz\" name=\"item_meta[26]\" value=\"\"  style=\"width:350px\" data-reqmsg=\"Questo campo non pu\u00f2 essere vuoto.\" aria-required=\"true\" data-invmsg=\"Modello \/ Model \/ Modell \/ Mod\u00e8le non \u00e8 valido\" class=\"auto_width\" aria-invalid=\"false\"   \/>\r\n    \r\n    \r\n<\/div>\n<div id=\"frm_field_27_container\" class=\"frm_form_field form-field  frm_top_container\">\r\n    <label for=\"field_iayzr\" class=\"frm_primary_label\">Targa \/ Number plate \/ Kennzeichen \/ Plaque\r\n        <span class=\"frm_required\"><\/span>\r\n    <\/label>\r\n    <input  type=\"text\" id=\"field_iayzr\" name=\"item_meta[27]\" value=\"\"  style=\"width:200px\" data-invmsg=\"Targa \/ Number plate \/ Kennzeichen \/ Plaque non \u00e8 valido\" class=\"auto_width\" aria-invalid=\"false\"   \/>\r\n    \r\n    \r\n<\/div>\n<div id=\"frm_field_28_container\" class=\"frm_form_field form-field  frm_top_container\">\r\n    <label for=\"field_e6vq6\" class=\"frm_primary_label\">Chilometri \/ Kilometers \/ Kilometer \/ Kilom\u00e8tres\r\n        <span class=\"frm_required\"><\/span>\r\n    <\/label>\r\n    <input  type=\"text\" id=\"field_e6vq6\" name=\"item_meta[28]\" value=\"\"  style=\"width:200px\" data-invmsg=\"Chilometri \/ Kilometers \/ Kilometer \/ Kilom\u00e8tres non \u00e8 valido\" class=\"auto_width\" aria-invalid=\"false\"   \/>\r\n    \r\n    \r\n<\/div>\n<div id=\"frm_field_30_container\" class=\"frm_form_field form-field  frm_top_container vertical_radio\">\r\n    <label  class=\"frm_primary_label\">Lavori da eseguire\r\n        <span class=\"frm_required\"><\/span>\r\n    <\/label>\r\n    <div class=\"frm_opt_container\">\t\t<div class=\"frm_checkbox\" id=\"frm_checkbox_30-0\">\t\t\t<label  for=\"field_tuaeq-0\">\n\t\t\t<input type=\"checkbox\" name=\"item_meta[30][]\" id=\"field_tuaeq-0\" value=\"Servizio piccolo \/ Small Service \/ Kleiner Service \/ Petit Service\"  data-invmsg=\"Lavori da eseguire is invalid\"   \/> Servizio piccolo \/ Small Service \/ Kleiner Service \/ Petit Service<\/label><\/div>\n\t\t<div class=\"frm_checkbox\" id=\"frm_checkbox_30-1\">\t\t\t<label  for=\"field_tuaeq-1\">\n\t\t\t<input type=\"checkbox\" name=\"item_meta[30][]\" id=\"field_tuaeq-1\" value=\"Servizio grande \/ Big Service \/ Grosser Service \/ Grand Service\"  data-invmsg=\"Lavori da eseguire is invalid\"   \/> Servizio grande \/ Big Service \/ Grosser Service \/ Grand Service<\/label><\/div>\n\t\t<div class=\"frm_checkbox\" id=\"frm_checkbox_30-2\">\t\t\t<label  for=\"field_tuaeq-2\">\n\t\t\t<input type=\"checkbox\" name=\"item_meta[30][]\" id=\"field_tuaeq-2\" value=\"Controllo annuale \/ Season Check \/ Jahres Service \/ Service Annuel\"  data-invmsg=\"Lavori da eseguire is invalid\"   \/> Controllo annuale \/ Season Check \/ Jahres Service \/ Service Annuel<\/label><\/div>\n\t\t<div class=\"frm_checkbox\" id=\"frm_checkbox_30-3\">\t\t\t<label  for=\"field_tuaeq-3\">\n\t\t\t<input type=\"checkbox\" name=\"item_meta[30][]\" id=\"field_tuaeq-3\" value=\"Sostituzione pneumatici \/ Tyre Service \/ Reifenwechsel \/ Changement Pneus\"  data-invmsg=\"Lavori da eseguire is invalid\"   \/> Sostituzione pneumatici \/ Tyre Service \/ Reifenwechsel \/ Changement Pneus<\/label><\/div>\n\t\t<div class=\"frm_checkbox\" id=\"frm_checkbox_30-4\">\t\t\t<label  for=\"field_tuaeq-4\">\n\t\t\t<input type=\"checkbox\" name=\"item_meta[30][]\" id=\"field_tuaeq-4\" value=\"Riparazione \/ Repair \/ Reparatur \/ R\u00e9paration\"  data-invmsg=\"Lavori da eseguire is invalid\"   \/> Riparazione \/ Repair \/ Reparatur \/ R\u00e9paration<\/label><\/div>\n\t\t<div class=\"frm_checkbox\" id=\"frm_checkbox_30-5\">\t\t\t<label  for=\"field_tuaeq-5\">\n\t\t\t<input type=\"checkbox\" name=\"item_meta[30][]\" id=\"field_tuaeq-5\" value=\"Preparazione collaudo \/ Authorities inspection \/ MFK \/ Expertise\"  data-invmsg=\"Lavori da eseguire is invalid\"   \/> Preparazione collaudo \/ Authorities inspection \/ MFK \/ Expertise<\/label><\/div>\n\t\t<div class=\"frm_checkbox\" id=\"frm_checkbox_30-6\">\t\t\t<label  for=\"field_tuaeq-6\">\n\t\t\t<input type=\"checkbox\" name=\"item_meta[30][]\" id=\"field_tuaeq-6\" value=\"Preventivo \/ Quote \/ Kostenvoranschlag \/ Devise\"  data-invmsg=\"Lavori da eseguire is invalid\"   \/> Preventivo \/ Quote \/ Kostenvoranschlag \/ Devise<\/label><\/div>\n\t\t<div class=\"frm_checkbox\" id=\"frm_checkbox_30-7\">\t\t\t<label  for=\"field_tuaeq-7\">\n\t\t\t<input type=\"checkbox\" name=\"item_meta[30][]\" id=\"field_tuaeq-7\" value=\"Altro (vedi campo note) \/ Other services \/ Andere Service \/ Autres Services\"  data-invmsg=\"Lavori da eseguire is invalid\"   \/> Altro (vedi campo note) \/ Other services \/ Andere Service \/ Autres Services<\/label><\/div>\n<\/div>\r\n    \r\n    \r\n<\/div>\n<div id=\"frm_field_31_container\" class=\"frm_form_field form-field  frm_top_container\">\r\n    <label for=\"field_ifz7t\" class=\"frm_primary_label\">Desidero un veicolo di cortesia \/ Courtesy Vehicle \/ Ersatzfahrzeug \/ V\u00e9hicule de rempla\u00e7ement\r\n        <span class=\"frm_required\"><\/span>\r\n    <\/label>\r\n    \t\t<select name=\"item_meta[31]\" id=\"field_ifz7t\"  data-frmval=\"No\" data-invmsg=\"Desidero un veicolo di cortesia \/ Courtesy Vehicle \/ Ersatzfahrzeug \/ V\u00e9hicule de rempla\u00e7ement is invalid\" class=\"auto_width\" aria-invalid=\"false\"  >\n\t\t<option  value=\"No\" selected='selected'>No<\/option><option  value=\"Si\">Si<\/option>\t<\/select>\n\t\r\n    \r\n    \r\n<\/div>\n<div id=\"frm_field_430_container\" class=\"frm_form_field form-field  frm_top_container frm12 frm_first\">\r\n    <label for=\"field_3vyyc\" id=\"field_3vyyc_label\" class=\"frm_primary_label\">Preferenza per un giorno della settimana o una data specifica per l'appuntamento \/ Desired date \/ Gew\u00fcnschte Datum \/ Date desir\u00e9e\r\n        <span class=\"frm_required\" aria-hidden=\"true\"><\/span>\r\n    <\/label>\r\n    <input  type=\"text\" id=\"field_3vyyc\" name=\"item_meta[430]\" value=\"\"  style=\"width:350px\" data-invmsg=\"Testo non \u00e8 valido\" class=\"auto_width\" aria-invalid=\"false\"   \/>\r\n    \r\n    \r\n<\/div>\n<div id=\"frm_field_202_container\" class=\"frm_form_field form-field  frm_top_container\">\r\n    <div  id=\"field_a9uvm_label\" class=\"frm_primary_label\">Orario desiderato \/ Desired hours \/ Gew\u00fcnschte Zeit \/ Heure desir\u00e9e\r\n        <span class=\"frm_required\"><\/span>\r\n    <\/div>\r\n    <div class=\"frm_time_wrap\"><span dir=\"ltr\">\r\n<select aria-label=\"Orario desiderato \/ Desired hours \/ Gew\u00fcnschte Zeit \/ Heure desir\u00e9e ... hour\" name=\"item_meta[202][H]\" id=\"field_a9uvm_H\"  data-frmval=\"{&quot;H&quot;:&quot;&quot;,&quot;m&quot;:&quot;&quot;,&quot;A&quot;:&quot;&quot;,&quot;s&quot;:&quot;&quot;,&quot;ms&quot;:&quot;&quot;}\" data-invmsg=\"Orario non \u00e8 valido\" class=\"auto_width frm_time_select\" aria-invalid=\"false\"  ><option value=\"\"  selected='selected'><\/option><option value=\"00\" >00<\/option><option value=\"01\" >01<\/option><option value=\"02\" >02<\/option><option value=\"03\" >03<\/option><option value=\"04\" >04<\/option><option value=\"05\" >05<\/option><option value=\"06\" >06<\/option><option value=\"07\" >07<\/option><option value=\"08\" >08<\/option><option value=\"09\" >09<\/option><option value=\"10\" >10<\/option><option value=\"11\" >11<\/option><option value=\"12\" >12<\/option><option value=\"13\" >13<\/option><option value=\"14\" >14<\/option><option value=\"15\" >15<\/option><option value=\"16\" >16<\/option><option value=\"17\" >17<\/option><option value=\"18\" >18<\/option><option value=\"19\" >19<\/option><option value=\"20\" >20<\/option><option value=\"21\" >21<\/option><option value=\"22\" >22<\/option><option value=\"23\" >23<\/option><\/select>\r\n<span class=\"frm_time_sep\" aria-hidden=\"true\">:<\/span>\r\n<select aria-label=\"Orario desiderato \/ Desired hours \/ Gew\u00fcnschte Zeit \/ Heure desir\u00e9e ... minute\" name=\"item_meta[202][m]\" id=\"field_a9uvm_m\"  data-frmval=\"{&quot;H&quot;:&quot;&quot;,&quot;m&quot;:&quot;&quot;,&quot;A&quot;:&quot;&quot;,&quot;s&quot;:&quot;&quot;,&quot;ms&quot;:&quot;&quot;}\" data-invmsg=\"Orario non \u00e8 valido\" class=\"auto_width frm_time_select auto_width frm_time_select\" aria-invalid=\"false\"  ><option value=\"\"  selected='selected'><\/option><option value=\"00\" >00<\/option><option value=\"01\" >01<\/option><option value=\"02\" >02<\/option><option value=\"03\" >03<\/option><option value=\"04\" >04<\/option><option value=\"05\" >05<\/option><option value=\"06\" >06<\/option><option value=\"07\" >07<\/option><option value=\"08\" >08<\/option><option value=\"09\" >09<\/option><option value=\"10\" >10<\/option><option value=\"11\" >11<\/option><option value=\"12\" >12<\/option><option value=\"13\" >13<\/option><option value=\"14\" >14<\/option><option value=\"15\" >15<\/option><option value=\"16\" >16<\/option><option value=\"17\" >17<\/option><option value=\"18\" >18<\/option><option value=\"19\" >19<\/option><option value=\"20\" >20<\/option><option value=\"21\" >21<\/option><option value=\"22\" >22<\/option><option value=\"23\" >23<\/option><option value=\"24\" >24<\/option><option value=\"25\" >25<\/option><option value=\"26\" >26<\/option><option value=\"27\" >27<\/option><option value=\"28\" >28<\/option><option value=\"29\" >29<\/option><option value=\"30\" >30<\/option><option value=\"31\" >31<\/option><option value=\"32\" >32<\/option><option value=\"33\" >33<\/option><option value=\"34\" >34<\/option><option value=\"35\" >35<\/option><option value=\"36\" >36<\/option><option value=\"37\" >37<\/option><option value=\"38\" >38<\/option><option value=\"39\" >39<\/option><option value=\"40\" >40<\/option><option value=\"41\" >41<\/option><option value=\"42\" >42<\/option><option value=\"43\" >43<\/option><option value=\"44\" >44<\/option><option value=\"45\" >45<\/option><option value=\"46\" >46<\/option><option value=\"47\" >47<\/option><option value=\"48\" >48<\/option><option value=\"49\" >49<\/option><option value=\"50\" >50<\/option><option value=\"51\" >51<\/option><option value=\"52\" >52<\/option><option value=\"53\" >53<\/option><option value=\"54\" >54<\/option><option value=\"55\" >55<\/option><option value=\"56\" >56<\/option><option value=\"57\" >57<\/option><option value=\"58\" >58<\/option><option value=\"59\" >59<\/option><\/select>\r\n<\/span>\r\n<\/div>\r\n    \r\n    \r\n<\/div>\n<div id=\"frm_field_21_container\" class=\"frm_form_field form-field  frm_top_container\">\r\n    <label for=\"field_9jv0r13\" class=\"frm_primary_label\">Note \/ Notes \/ Nachrichten \/ Notes\r\n        <span class=\"frm_required\"><\/span>\r\n    <\/label>\r\n    <textarea name=\"item_meta[21]\" id=\"field_9jv0r13\" rows=\"5\"  style=\"width:600px\" cols=\"66\" data-invmsg=\"Note \/ Notes \/ Nachrichten \/ Notes is invalid\" class=\"auto_width\" aria-invalid=\"false\"  ><\/textarea>\r\n    \r\n    \r\n<\/div>\n<div id=\"frm_field_22_container\" class=\"frm_form_field form-field  frm_none_container frm12 frm_first\">\r\n    <label for=\"g-recaptcha-response\" class=\"frm_primary_label\">Captcha\r\n        <span class=\"frm_required\"><\/span>\r\n    <\/label>\r\n    <div  id=\"field_62n6q33\" class=\"g-recaptcha\" data-sitekey=\"6LenWesUAAAAAJrvZVfmof9FtWpxiaupifZR-JHg\" data-size=\"normal\" data-theme=\"light\"><\/div>\r\n    \r\n    \r\n<\/div>\n\t<input type=\"hidden\" name=\"item_key\" value=\"\" \/>\n\t\t\t<div id=\"frm_field_551_container\">\n\t\t\t<label for=\"field_jlqtd\" >\n\t\t\t\tIf you are human, leave this field blank.\t\t\t<\/label>\n\t\t\t<input  id=\"field_jlqtd\" type=\"text\" class=\"frm_form_field form-field frm_verify\" name=\"item_meta[551]\" value=\"\"  \/>\n\t\t<\/div>\n\t\t<input name=\"frm_state\" type=\"hidden\" value=\"CybfU6cPwHCMEjN6hSKZfj0nWpkcIJ94jukCHApUUhwoN17jL55MxeLjsAKeNngG\" \/><div class=\"frm_submit\">\r\n\r\n<input type=\"submit\" value=\"Invia richiesta\"  class=\"frm_final_submit\" formnovalidate=\"formnovalidate\" \/>\r\n<img decoding=\"async\" class=\"frm_ajax_loading\" src=\"https:\/\/mm1.ch\/wp-content\/plugins\/formidable\/images\/ajax_loader.gif\" alt=\"Sending\"\/>\r\n\r\n<\/div><\/div>\n<\/fieldset>\n<\/div>\n\n<p style=\"display: none !important;\" class=\"akismet-fields-container\" data-prefix=\"ak_\"><label>&#916;<textarea name=\"ak_hp_textarea\" cols=\"45\" rows=\"8\" maxlength=\"100\"><\/textarea><\/label><input type=\"hidden\" id=\"ak_js_1\" name=\"ak_js\" value=\"168\"\/><script>document.getElementById( \"ak_js_1\" ).setAttribute( \"value\", ( new Date() ).getTime() );<\/script><\/p><\/form>\n<\/div>\n\n","protected":false},"excerpt":{"rendered":"","protected":false},"author":1,"featured_media":0,"parent":0,"menu_order":0,"comment_status":"closed","ping_status":"closed","template":"","meta":{"footnotes":""},"class_list":["post-276","page","type-page","status-publish","hentry"],"translation":{"provider":"WPGlobus","version":"3.0.2","language":"fr","enabled_languages":["it","en","de","fr"],"languages":{"it":{"title":true,"content":true,"excerpt":false},"en":{"title":false,"content":false,"excerpt":false},"de":{"title":false,"content":false,"excerpt":false},"fr":{"title":false,"content":false,"excerpt":false}}},"aioseo_notices":[],"_links":{"self":[{"href":"https:\/\/mm1.ch\/fr\/wp-json\/wp\/v2\/pages\/276","targetHints":{"allow":["GET"]}}],"collection":[{"href":"https:\/\/mm1.ch\/fr\/wp-json\/wp\/v2\/pages"}],"about":[{"href":"https:\/\/mm1.ch\/fr\/wp-json\/wp\/v2\/types\/page"}],"author":[{"embeddable":true,"href":"https:\/\/mm1.ch\/fr\/wp-json\/wp\/v2\/users\/1"}],"replies":[{"embeddable":true,"href":"https:\/\/mm1.ch\/fr\/wp-json\/wp\/v2\/comments?post=276"}],"version-history":[{"count":0,"href":"https:\/\/mm1.ch\/fr\/wp-json\/wp\/v2\/pages\/276\/revisions"}],"wp:attachment":[{"href":"https:\/\/mm1.ch\/fr\/wp-json\/wp\/v2\/media?parent=276"}],"curies":[{"name":"wp","href":"https:\/\/api.w.org\/{rel}","templated":true}]}}