{"id":4461,"date":"2019-03-27T06:33:41","date_gmt":"2019-03-27T06:33:41","guid":{"rendered":"http:\/\/www.mm1.ch\/?page_id=4461"},"modified":"2026-03-02T17:27:28","modified_gmt":"2026-03-02T16:27:28","slug":"testcenter","status":"publish","type":"page","link":"https:\/\/mm1.ch\/fr\/testcenter\/","title":{"rendered":"MOTO M1 &#8211; TESTCENTER"},"content":{"rendered":"\n<h2 class=\"wp-block-heading has-text-align-center has-vivid-red-background-color has-background\"><strong>YAMAHA &#8211; QJ MOTOR &#8211; BSA &#8211; ELECTRIC MOTION<\/strong><\/h2>\n\n\n\n<h2 class=\"wp-block-heading\"><br>Prenota ora il tuo giro di prova: oltre 30 modelli da testare a tua disposizione!<\/h2>\n\n\n\n<h2 class=\"wp-block-heading\">Book your testride now: more than 30 models ready to be tested!<br><\/h2>\n\n\n\n<div class=\"wp-block-group\"><div class=\"wp-block-group__inner-container is-layout-constrained wp-block-group-is-layout-constrained\">\n<div class=\"wp-block-group is-content-justification-center is-nowrap is-layout-flex wp-container-core-group-is-layout-94bc23d7 wp-block-group-is-layout-flex\">\n<div class=\"wp-block-group\"><div class=\"wp-block-group__inner-container is-layout-constrained wp-block-group-is-layout-constrained\"><div class=\"wp-block-image\">\n<figure class=\"aligncenter size-medium is-resized\"><img loading=\"lazy\" decoding=\"async\" width=\"300\" height=\"300\" src=\"https:\/\/www.mm1.ch\/wp-content\/uploads\/2019\/03\/logo_mm1_testme_yellow-300x300.jpg\" alt=\"\" class=\"wp-image-4463\" style=\"width:150px\" srcset=\"https:\/\/mm1.ch\/wp-content\/uploads\/2019\/03\/logo_mm1_testme_yellow-300x300.jpg 300w, https:\/\/mm1.ch\/wp-content\/uploads\/2019\/03\/logo_mm1_testme_yellow-150x150.jpg 150w, https:\/\/mm1.ch\/wp-content\/uploads\/2019\/03\/logo_mm1_testme_yellow-768x768.jpg 768w, https:\/\/mm1.ch\/wp-content\/uploads\/2019\/03\/logo_mm1_testme_yellow.jpg 800w\" sizes=\"auto, (max-width: 300px) 100vw, 300px\" \/><\/figure>\n<\/div><\/div><\/div>\n<\/div>\n\n\n\n<figure class=\"wp-block-table\"><table class=\"has-white-color has-vivid-red-background-color has-text-color has-background has-link-color has-fixed-layout\"><tbody><tr><td>ATTENZIONE!<br>Per la prova di un veicolo \u00e8 necessario&nbsp;presentare una licenza di condurre valida&nbsp;per la rispettiva categoria ed un documento d\u2019identit\u00e0.&nbsp;Nel caso in cui il nostro regolamento non viene rispettato,&nbsp;ci riserviamo il diritto di rifiutare il prestito&nbsp;di un veicolo. Durante il giro di prova il&nbsp;conducente si impegna a rispettare le regole&nbsp;della strada ed a non cedere il veicolo a terzi. Per modelli come R1 e MT-10&nbsp;la possibilit\u00e0 di prova \u00e8 riservata&nbsp;esclusivamente ai maggiori di 25 anni di et\u00e0&nbsp;e con un esperienza di guida nella categoria&nbsp;A illimitata di almeno 2 anni.&nbsp;L&#8217;utilizzo del casco \u00e8 obbligatorio. Si consiglia l&#8217;impiego di abbigliamento adeguato.<\/td><td>WARNING!<br>To test a vehicle is necessary to present a valid driving license for the respective category and an identity document. In the event that our regulations are not respected, we reserve the right to refuse the loan of a vehicle. During the test drive the driver undertakes to respect the rules of the road and not to give the vehicle to others riders. For models such as R1 and MT-10 the possibility of testing is reserved exclusively for those over 25 years of age and with at least 2 years of driving experience in category A. The use of a helmet is mandatory. The use of appropriate clothing is recommended.<\/td><\/tr><tr><td>ATTENTION! <br>Pour tester un v\u00e9hicule, il est n\u00e9cessaire de pr\u00e9senter un permis de conduire valide pour la cat\u00e9gorie respective et une pi\u00e8ce d&#8217;identit\u00e9. Dans le cas o\u00f9 notre r\u00e8glement ne serait pas respect\u00e9, nous nous r\u00e9servons le droit de refuser le pr\u00eat d&#8217;un v\u00e9hicule. Lors de l&#8217;essai routier, le conducteur s&#8217;engage \u00e0 respecter le code de la route et \u00e0 ne pas c\u00e9der le v\u00e9hicule \u00e0 des tiers. Pour les mod\u00e8les tels que R1 et MT-10, la possibilit\u00e9 de tester est r\u00e9serv\u00e9e exclusivement aux personnes de plus de 25 ans et poss\u00e9dant au moins 2 ans d&#8217;exp\u00e9rience de conduite ien cat\u00e9gorie A llimit\u00e9e . Le port du casque est obligatoire. L&#8217;utilisation de v\u00eatements appropri\u00e9s est recommand\u00e9e.<\/td><td>AGHTUNG! <br>F\u00fcr eine Probefahrt eines Fahrzeugs ist die Vorlage eines g\u00fcltigen F\u00fchrerscheins der jeweiligen Klasse und eines Ausweises erforderlich. F\u00fcr den Fall, dass unsere Vorschriften nicht eingehalten werden, behalten wir uns das Recht vor, die Ausleihe eines Fahrzeugs abzulehnen. W\u00e4hrend der Probefahrt verpflichtet sich der Fahrer, die Verkehrsregeln einzuhalten und das Fahrzeug nicht an Dritte weiterzugeben. Probefahrten von Modelle wie R1 und MT-10 ist nur m\u00f6glich f\u00fcr Personen die midestens 25 Jahre alt sind und mit mindestens 2 Jahren  Fahrpraxis in der Kategorie A (unbeschr\u00e4nkt) vorbehalten. Das Tragen eines Helmes ist Pflicht. Die Verwendung geeigneter Kleidung wird empfohlen.<\/td><\/tr><\/tbody><\/table><\/figure>\n\n\n\n<h5 class=\"wp-block-heading has-text-align-center\"><strong>Orari di apertura per i giri di prova:<br>Opening times for testrides:<\/strong><\/h5>\n\n\n\n<p class=\"has-text-align-center\">Marted\u00ec \u2013 Venerd\u00ec 8.00 \u2013 12.00 \u23a5 13.30 \u2013 17.00<br>Tuesday \u2013 Friday 8.00 \u2013 12.00 \u23a5 13.30 \u2013 17.00<br>Sabato 9.00 \u2013 15.00 (da marzo a ottobre) 9.00 &#8211; 12.00 (da novembre a febbraio)<br>Saturday 9.00 \u2013 15.00 (march &#8211; october) 9.00 &#8211; 12.00 (november &#8211; februar)<br><br><\/p>\n\n\n\n<p class=\"has-black-color has-text-color has-link-color wp-elements-9ac00cf961d1ea846fe5a532228b76c6\"><\/p>\n\n\n<div class=\"frm_forms  with_frm_style frm_center_submit frm_style_formidable-style\" id=\"frm_form_44_container\" data-token=\"58d50dd3eb7cfdb372a661c9ae8b68a1\">\n<form enctype=\"multipart\/form-data\" method=\"post\" class=\"frm-show-form  frm_pro_form \" id=\"form_testcenter2\" data-token=\"58d50dd3eb7cfdb372a661c9ae8b68a1\">\n<div class=\"frm_form_fields \">\n<fieldset>\n<legend class=\"frm_screen_reader\">Testcenter &#8211; Book a Testride 2026<\/legend>\r\n\r\n<div class=\"frm_fields_container\">\n<input type=\"hidden\" name=\"frm_action\" value=\"create\" \/>\n<input type=\"hidden\" name=\"form_id\" value=\"44\" \/>\n<input type=\"hidden\" name=\"frm_hide_fields_44\" id=\"frm_hide_fields_44\" value=\"\" \/>\n<input type=\"hidden\" name=\"form_key\" value=\"testcenter2\" \/>\n<input type=\"hidden\" name=\"item_meta[0]\" value=\"\" \/>\n<input type=\"hidden\" id=\"frm_submit_entry_44\" name=\"frm_submit_entry_44\" value=\"0b13b41921\" \/><input type=\"hidden\" name=\"_wp_http_referer\" value=\"\/fr\/wp-json\/wp\/v2\/pages\/4461\" \/><div id=\"frm_field_502_container\" class=\"frm_form_field form-field  frm_required_field frm_top_container frm6 frm_first\">\r\n\t<label for=\"field_mb66q\" id=\"field_mb66q_label\" class=\"frm_primary_label\">Nome | Vorname | Pr\u00e9nom | First name\r\n\t\t<span class=\"frm_required\" aria-hidden=\"true\">*<\/span>\r\n\t<\/label>\r\n\t<input  type=\"text\" id=\"field_mb66q\" name=\"item_meta[502]\" value=\"\"  data-reqmsg=\"Questo campo non pu\u00f2 essere vuoto.\" aria-required=\"true\" data-invmsg=\"Nome | Vorname | Pr\u00e9nom | First name non \u00e8 valido\" aria-invalid=\"false\"   \/>\r\n\t\r\n\t\r\n<\/div>\n<div id=\"frm_field_503_container\" class=\"frm_form_field form-field  frm_required_field frm_top_container frm6\">\r\n\t<label for=\"field_3lxbg\" id=\"field_3lxbg_label\" class=\"frm_primary_label\">Cognome | Name | Nom | Last name\r\n\t\t<span class=\"frm_required\" aria-hidden=\"true\">*<\/span>\r\n\t<\/label>\r\n\t<input  type=\"text\" id=\"field_3lxbg\" name=\"item_meta[503]\" value=\"\"  data-reqmsg=\"Questo campo non pu\u00f2 essere vuoto.\" aria-required=\"true\" data-invmsg=\"Cognome | Name | Nom | Last name non \u00e8 valido\" aria-invalid=\"false\"   \/>\r\n\t\r\n\t\r\n<\/div>\n<div id=\"frm_field_504_container\" class=\"frm_form_field form-field  frm_required_field frm_top_container\">\r\n\t<label for=\"field_ouoan\" id=\"field_ouoan_label\" class=\"frm_primary_label\">Telefono | Telephone | T\u00e9l\u00e9phone | Phone\r\n\t\t<span class=\"frm_required\" aria-hidden=\"true\">*<\/span>\r\n\t<\/label>\r\n\t<input type=\"tel\" id=\"field_ouoan\" name=\"item_meta[504]\" value=\"\"  data-reqmsg=\"Questo campo non pu\u00f2 essere vuoto.\" aria-required=\"true\" data-invmsg=\"Telefono | Telephone | T\u00e9l\u00e9phone | Phone non \u00e8 valido\" aria-invalid=\"false\" pattern=\"((\\+\\d{1,3}(-|.| )?\\(?\\d\\)?(-| |.)?\\d{1,5})|(\\(?\\d{2,6}\\)?))(-|.| )?(\\d{3,4})(-|.| )?(\\d{4})(( x| ext)\\d{1,5}){0,1}$\"  \/>\r\n\t\r\n\t\r\n<\/div>\n<div id=\"frm_field_505_container\" class=\"frm_form_field form-field  frm_required_field frm_top_container frm3 frm_first\">\r\n\t<label for=\"field_pwapl\" id=\"field_pwapl_label\" class=\"frm_primary_label\">Email\r\n\t\t<span class=\"frm_required\" aria-hidden=\"true\">*<\/span>\r\n\t<\/label>\r\n\t<input type=\"email\" id=\"field_pwapl\" name=\"item_meta[505]\" value=\"\"  autocomplete=\"email\"  data-reqmsg=\"Questo campo non pu\u00f2 essere vuoto.\" aria-required=\"true\" data-invmsg=\"Email non \u00e8 valido\" aria-invalid=\"false\"  \/>\r\n\t\r\n\t\r\n<\/div>\n<div id=\"frm_field_506_container\" class=\"frm_form_field form-field  frm_top_container frm9\">\r\n\t<label for=\"field_woy2l\" id=\"field_woy2l_label\" class=\"frm_primary_label\">Vorrei testare (ND= non disponibile)| Ich wurde gerne testen (ND= nicht verf\u00fcgbar) | J\u2019aimerai tester (ND=non disponible)| I would like to test (ND=not available)\r\n\t\t<span class=\"frm_required\" aria-hidden=\"true\"><\/span>\r\n\t<\/label>\r\n\t\t\t<select name=\"item_meta[506]\" id=\"field_woy2l\"  data-invmsg=\"Vorrei testare (ND= non disponibile)| Ich wurde gerne testen (ND= nicht verf\u00fcgbar) | J\u2019aimerai tester (ND=non disponible)| I would like to test (ND=not available) non \u00e8 valido\" aria-invalid=\"false\"  >\n\t\t<option  value=\"Scegli  | W\u00e4hlen  | Choisir  | Chose\">Scegli  | W\u00e4hlen  | Choisir  | Chose<\/option><option  value=\"EBike YAMAHA Crosscore\">EBike YAMAHA Crosscore<\/option><option  value=\"EBike YAMAHA Wabash\">EBike YAMAHA Wabash<\/option><option  value=\"EBike YAMAHA Moro 07 kit \u00d6hlins suspensions\">EBike YAMAHA Moro 07 kit \u00d6hlins suspensions<\/option><option  value=\"EBike YAMAHA Booster 45Km\/h\">EBike YAMAHA Booster 45Km\/h<\/option><option  value=\"Scooter YAMAHA Neo&#039;s EV (a partire da 15 anni)\">Scooter YAMAHA Neo&#039;s EV (a partire da 15 anni)<\/option><option  value=\"Scooter YAMAHA RayZR 125\">Scooter YAMAHA RayZR 125<\/option><option  value=\"Scooter YAMAHA D&#039;elight 125\">Scooter YAMAHA D&#039;elight 125<\/option><option  value=\"Scooter YAMAHA NMAX 125 &#039;26\">Scooter YAMAHA NMAX 125 &#039;26<\/option><option  value=\"Scooter YAMAHA XMAX 300 Tech &#039;26\">Scooter YAMAHA XMAX 300 Tech &#039;26<\/option><option  value=\"Scooter YAMAHA TMAX Tech &#039;26\">Scooter YAMAHA TMAX Tech &#039;26<\/option><option  value=\"Scooter QJ Motor SQ16 (ND)\">Scooter QJ Motor SQ16 (ND)<\/option><option  value=\"Scooter QJ Motor ATR125\">Scooter QJ Motor ATR125<\/option><option  value=\"Scooter QJ Motor Fort 125\">Scooter QJ Motor Fort 125<\/option><option  value=\"Moto YAMAHA XSR125\">Moto YAMAHA XSR125<\/option><option  value=\"Moto YAMAHA MT125\">Moto YAMAHA MT125<\/option><option  value=\"Moto YAMAHA R125 &#039;26\">Moto YAMAHA R125 &#039;26<\/option><option  value=\"Moto YAMAHA MT03\">Moto YAMAHA MT03<\/option><option  value=\"Moto YAMAHA MT-07 Y-AMT 35kW\">Moto YAMAHA MT-07 Y-AMT 35kW<\/option><option  value=\"Moto YAMAHA MT-07 Full Power\">Moto YAMAHA MT-07 Full Power<\/option><option  value=\"Moto YAMAHA Tracer 7 35kW\">Moto YAMAHA Tracer 7 35kW<\/option><option  value=\"Moto YAMAHA Tracer 7 Full Power\">Moto YAMAHA Tracer 7 Full Power<\/option><option  value=\"Moto YAMAHA Tracer 7 35kW Y-AMT\">Moto YAMAHA Tracer 7 35kW Y-AMT<\/option><option  value=\"Moto YAMAHA T\u00e9n\u00e9r\u00e9 700 35kW\">Moto YAMAHA T\u00e9n\u00e9r\u00e9 700 35kW<\/option><option  value=\"Moto YAMAHA T\u00e9n\u00e9r\u00e9 700 Full Power\">Moto YAMAHA T\u00e9n\u00e9r\u00e9 700 Full Power<\/option><option  value=\"Moto YAMAHA T\u00e9n\u00e9r\u00e9 700 Kit \u00d6hlins suspensions\">Moto YAMAHA T\u00e9n\u00e9r\u00e9 700 Kit \u00d6hlins suspensions<\/option><option  value=\"Moto YAMAHA R7 &#039;26 (ND)\">Moto YAMAHA R7 &#039;26 (ND)<\/option><option  value=\"Moto YAMAHA MT-09 35kW (ND)\">Moto YAMAHA MT-09 35kW (ND)<\/option><option  value=\"Moto YAMAHA MT-09\">Moto YAMAHA MT-09<\/option><option  value=\"Moto YAMAHA MT-09 Y-AMT\">Moto YAMAHA MT-09 Y-AMT<\/option><option  value=\"Moto YAMAHA XSR900\">Moto YAMAHA XSR900<\/option><option  value=\"Moto YAMAHA XSR900 GP\">Moto YAMAHA XSR900 GP<\/option><option  value=\"Moto YAMAHA Tracer 9 GT &#039;24\">Moto YAMAHA Tracer 9 GT &#039;24<\/option><option  value=\"Moto YAMAHA Tracer 9 &#039;25\">Moto YAMAHA Tracer 9 &#039;25<\/option><option  value=\"Moto YAMAHA Tracer 9 GT+ &#039;26\">Moto YAMAHA Tracer 9 GT+ &#039;26<\/option><option  value=\"Moto YAMAHA R9 (ND)\">Moto YAMAHA R9 (ND)<\/option><option  value=\"Moto YAMAHA MT-10\">Moto YAMAHA MT-10<\/option><option  value=\"Moto ELECTRIC MOTION EPure (Trial)\">Moto ELECTRIC MOTION EPure (Trial)<\/option><option  value=\"Moto HYOSUNG Bobber 125\">Moto HYOSUNG Bobber 125<\/option><option  value=\"Moto HYOSUNG Bobber 300\">Moto HYOSUNG Bobber 300<\/option><option  value=\"Moto BSA Gold Star 650\">Moto BSA Gold Star 650<\/option><option  value=\"Moto QJ Motor SRK600 35kW\">Moto QJ Motor SRK600 35kW<\/option><option  value=\"Moto QJ Motor SRT600 SX\">Moto QJ Motor SRT600 SX<\/option><option  value=\"Moto QJ Motor SRV600 V4\">Moto QJ Motor SRV600 V4<\/option><option  value=\"Moto QJ Motor SRT900SX\">Moto QJ Motor SRT900SX<\/option><option  value=\"Nuova opzione\">Nuova opzione<\/option>\t<\/select>\n\t\r\n\t\r\n\t\r\n<\/div>\n<div id=\"frm_field_501_container\" class=\"frm_form_field form-field  frm_required_field frm_top_container frm3 frm_first\">\r\n\t<label for=\"field_qlhik\" id=\"field_qlhik_label\" class=\"frm_primary_label\">Data\r\n\t\t<span class=\"frm_required\" aria-hidden=\"true\">*<\/span>\r\n\t<\/label>\r\n\t<input type=\"text\" id=\"field_qlhik\" name=\"item_meta[501]\" value=\"\"  maxlength=\"10\" data-reqmsg=\"Questo campo non pu\u00f2 essere vuoto.\" aria-required=\"true\" data-invmsg=\"Data non \u00e8 valido\" class=\"frm_date\" aria-invalid=\"false\"  \/>\r\n\t\r\n\t\r\n<\/div>\n<div id=\"frm_field_507_container\" class=\"frm_form_field form-field  frm_top_container frm9 vertical_radio\">\r\n\t<div  id=\"field_mfwsx_label\" class=\"frm_primary_label\">Scegli mattino o pomeriggio | Bitte w\u00e4hlen Morgen oder Nachmittag | Choisis Matin ou Apr\u00e8s-Midi | Chose morning ou afternoon\r\n\t\t<span class=\"frm_required\" aria-hidden=\"true\"><\/span>\r\n\t<\/div>\r\n\t<div class=\"frm_opt_container\" aria-labelledby=\"field_mfwsx_label\" role=\"radiogroup\">\t\t<div class=\"frm_radio\" id=\"frm_radio_507-0\">\t\t\t<label  for=\"field_mfwsx-0\">\n\t\t\t\t\t<input type=\"radio\" name=\"item_meta[507]\" id=\"field_mfwsx-0\" value=\"Mattino | Morgen | Matin | Morning\"\n\t\t data-invmsg=\"Scegli mattino o pomeriggio | Bitte w\u00e4hlen Morgen oder Nachmittag | Choisis Matin ou Apr\u00e8s-Midi | Chose morning ou afternoon is invalid\"   \/> Mattino | Morgen | Matin | Morning<\/label><\/div>\n\t\t<div class=\"frm_radio\" id=\"frm_radio_507-1\">\t\t\t<label  for=\"field_mfwsx-1\">\n\t\t\t\t\t<input type=\"radio\" name=\"item_meta[507]\" id=\"field_mfwsx-1\" value=\"Pomeriggio | Nachmittag | Apr\u00e8s-Midi | Afternoon\"\n\t\t data-invmsg=\"Scegli mattino o pomeriggio | Bitte w\u00e4hlen Morgen oder Nachmittag | Choisis Matin ou Apr\u00e8s-Midi | Chose morning ou afternoon is invalid\"   \/> Pomeriggio | Nachmittag | Apr\u00e8s-Midi | Afternoon<\/label><\/div>\n<\/div>\r\n\t\r\n\t\r\n<\/div>\n<div id=\"frm_field_510_container\" class=\"frm_form_field form-field  frm_top_container frm9 frm_first\">\r\n\t<label for=\"field_hqinb\" id=\"field_hqinb_label\" class=\"frm_primary_label\">Messaggio | Nachricht | Message | Message\r\n\t\t<span class=\"frm_required\" aria-hidden=\"true\"><\/span>\r\n\t<\/label>\r\n\t<input  type=\"text\" id=\"field_hqinb\" name=\"item_meta[510]\" value=\"\"  data-invmsg=\"Messaggio | Nachricht | Message | Message non \u00e8 valido\" aria-invalid=\"false\"   \/>\r\n\t\r\n\t\r\n<\/div>\n<div id=\"frm_field_511_container\" class=\"frm_form_field form-field  frm_none_container frm3\">\r\n\t<label for=\"g-recaptcha-response\" id=\"field_q0v7w_label\" class=\"frm_primary_label\">Captcha\r\n\t\t<span class=\"frm_required\" aria-hidden=\"true\"><\/span>\r\n\t<\/label>\r\n\t<div  id=\"field_q0v7w\" class=\"g-recaptcha\" data-sitekey=\"6LenWesUAAAAAJrvZVfmof9FtWpxiaupifZR-JHg\" data-size=\"normal\" data-theme=\"light\"><\/div>\r\n\t\r\n\t\r\n<\/div>\n<div id=\"frm_field_500_container\" class=\"frm_form_field form-field \">\r\n\t<div class=\"frm_submit frm_flex\">\r\n<button class=\"frm_button_submit frm_final_submit\" type=\"submit\"   formnovalidate=\"formnovalidate\">Invia<\/button>\r\n\r\n\r\n\r\n<\/div>\r\n<\/div>\n\t<input type=\"hidden\" name=\"item_key\" value=\"\" \/>\n\t\t\t<div id=\"frm_field_551_container\">\n\t\t\t<label for=\"field_7g7ko\" >\n\t\t\t\tIf you are human, leave this field blank.\t\t\t<\/label>\n\t\t\t<input  id=\"field_7g7ko\" type=\"text\" class=\"frm_form_field form-field frm_verify\" name=\"item_meta[551]\" value=\"\"  \/>\n\t\t<\/div>\n\t\t<input name=\"frm_state\" type=\"hidden\" value=\"CybfU6cPwHCMEjN6hSKZfpIzNjQgNK9u3itr7Tk6Jn0t9JsNDgMueM2WXb+VFE2Q\" \/><\/div>\n<\/fieldset>\n<\/div>\n\n<p style=\"display: none !important;\" class=\"akismet-fields-container\" data-prefix=\"ak_\"><label>&#916;<textarea name=\"ak_hp_textarea\" cols=\"45\" rows=\"8\" maxlength=\"100\"><\/textarea><\/label><input type=\"hidden\" id=\"ak_js_1\" name=\"ak_js\" value=\"38\"\/><script>document.getElementById( \"ak_js_1\" ).setAttribute( \"value\", ( new Date() ).getTime() );<\/script><\/p><\/form>\n<\/div>\n<\/div><\/div>\n","protected":false},"excerpt":{"rendered":"<p>YAMAHA &#8211; QJ MOTOR &#8211; BSA &#8211; ELECTRIC MOTION Prenota ora il tuo giro di prova: oltre 30 modelli da&hellip; <\/p>\n","protected":false},"author":5,"featured_media":0,"parent":0,"menu_order":0,"comment_status":"closed","ping_status":"closed","template":"","meta":{"footnotes":""},"class_list":["post-4461","page","type-page","status-publish","hentry"],"translation":{"provider":"WPGlobus","version":"3.0.2","language":"fr","enabled_languages":["it","en","de","fr"],"languages":{"it":{"title":true,"content":true,"excerpt":false},"en":{"title":false,"content":false,"excerpt":false},"de":{"title":false,"content":false,"excerpt":false},"fr":{"title":false,"content":false,"excerpt":false}}},"aioseo_notices":[],"_links":{"self":[{"href":"https:\/\/mm1.ch\/fr\/wp-json\/wp\/v2\/pages\/4461","targetHints":{"allow":["GET"]}}],"collection":[{"href":"https:\/\/mm1.ch\/fr\/wp-json\/wp\/v2\/pages"}],"about":[{"href":"https:\/\/mm1.ch\/fr\/wp-json\/wp\/v2\/types\/page"}],"author":[{"embeddable":true,"href":"https:\/\/mm1.ch\/fr\/wp-json\/wp\/v2\/users\/5"}],"replies":[{"embeddable":true,"href":"https:\/\/mm1.ch\/fr\/wp-json\/wp\/v2\/comments?post=4461"}],"version-history":[{"count":0,"href":"https:\/\/mm1.ch\/fr\/wp-json\/wp\/v2\/pages\/4461\/revisions"}],"wp:attachment":[{"href":"https:\/\/mm1.ch\/fr\/wp-json\/wp\/v2\/media?parent=4461"}],"curies":[{"name":"wp","href":"https:\/\/api.w.org\/{rel}","templated":true}]}}