{"id":449,"date":"2016-10-13T21:52:39","date_gmt":"2016-10-13T21:52:39","guid":{"rendered":"http:\/\/mm1.ch\/?page_id=449"},"modified":"2025-02-12T15:55:05","modified_gmt":"2025-02-12T14:55:05","slug":"i-nostri-servizi","status":"publish","type":"page","link":"https:\/\/mm1.ch\/fr\/i-nostri-servizi\/","title":{"rendered":"Nos services"},"content":{"rendered":"\n<div style=\"height:43px\" aria-hidden=\"true\" class=\"wp-block-spacer\"><\/div>\n\n\n\n<h2 class=\"has-text-align-center has-white-color has-blush-bordeaux-gradient-background has-text-color has-background has-large-font-size wp-block-heading\" style=\"font-style:normal;font-weight:700;text-transform:uppercase\"><strong>JUST ADD GASOLINE \u23a5JUST ADD VOLTAGE<\/strong><\/h2>\n\n\n\n<h1 class=\"has-text-align-center wp-block-heading\"><strong>Nos Services<\/strong><\/h1>\n\n\n\n<div style=\"height:37px\" aria-hidden=\"true\" class=\"wp-block-spacer\"><\/div>\n\n\n\n<h2 class=\"wp-block-heading\"><strong>Vente<\/strong><\/h2>\n\n\n\n<figure class=\"wp-block-image size-large\"><img loading=\"lazy\" decoding=\"async\" width=\"1024\" height=\"683\" src=\"https:\/\/www.mm1.ch\/wp-content\/uploads\/2019\/03\/TestMeSeason_Small-1024x683.jpg\" alt=\"\" class=\"wp-image-4454\" srcset=\"https:\/\/mm1.ch\/wp-content\/uploads\/2019\/03\/TestMeSeason_Small-1024x683.jpg 1024w, https:\/\/mm1.ch\/wp-content\/uploads\/2019\/03\/TestMeSeason_Small-300x200.jpg 300w, https:\/\/mm1.ch\/wp-content\/uploads\/2019\/03\/TestMeSeason_Small-768x512.jpg 768w, https:\/\/mm1.ch\/wp-content\/uploads\/2019\/03\/TestMeSeason_Small-306x205.jpg 306w, https:\/\/mm1.ch\/wp-content\/uploads\/2019\/03\/TestMeSeason_Small.jpg 1200w\" sizes=\"auto, (max-width: 1024px) 100vw, 1024px\" \/><\/figure>\n\n\n\n<h3 class=\"has-text-align-center wp-block-heading\"><br><img loading=\"lazy\" decoding=\"async\" width=\"100\" height=\"29\" class=\"wp-image-6588\" style=\"width: 100px;\" src=\"https:\/\/www.mm1.ch\/wp-content\/uploads\/2020\/11\/Corp_fc_Ldscp.jpg\" alt=\"\" srcset=\"https:\/\/mm1.ch\/wp-content\/uploads\/2020\/11\/Corp_fc_Ldscp.jpg 2233w, https:\/\/mm1.ch\/wp-content\/uploads\/2020\/11\/Corp_fc_Ldscp-300x87.jpg 300w, https:\/\/mm1.ch\/wp-content\/uploads\/2020\/11\/Corp_fc_Ldscp-1024x298.jpg 1024w, https:\/\/mm1.ch\/wp-content\/uploads\/2020\/11\/Corp_fc_Ldscp-768x224.jpg 768w, https:\/\/mm1.ch\/wp-content\/uploads\/2020\/11\/Corp_fc_Ldscp-1536x447.jpg 1536w, https:\/\/mm1.ch\/wp-content\/uploads\/2020\/11\/Corp_fc_Ldscp-2048x596.jpg 2048w\" sizes=\"auto, (max-width: 100px) 100vw, 100px\" \/>  <img loading=\"lazy\" decoding=\"async\" width=\"75\" height=\"21\" class=\"wp-image-5715\" style=\"width: 75px;\" src=\"https:\/\/www.mm1.ch\/wp-content\/uploads\/2020\/04\/BiXS.png\" alt=\"\" srcset=\"https:\/\/mm1.ch\/wp-content\/uploads\/2020\/04\/BiXS.png 2990w, https:\/\/mm1.ch\/wp-content\/uploads\/2020\/04\/BiXS-300x83.png 300w, https:\/\/mm1.ch\/wp-content\/uploads\/2020\/04\/BiXS-1024x283.png 1024w, https:\/\/mm1.ch\/wp-content\/uploads\/2020\/04\/BiXS-768x212.png 768w, https:\/\/mm1.ch\/wp-content\/uploads\/2020\/04\/BiXS-1536x424.png 1536w, https:\/\/mm1.ch\/wp-content\/uploads\/2020\/04\/BiXS-2048x565.png 2048w\" sizes=\"auto, (max-width: 75px) 100vw, 75px\" \/>  <img loading=\"lazy\" decoding=\"async\" width=\"75\" height=\"27\" class=\"wp-image-5723\" style=\"width: 75px;\" src=\"https:\/\/www.mm1.ch\/wp-content\/uploads\/2020\/04\/Wheeler_powered_by_YAMAHA.png\" alt=\"\" srcset=\"https:\/\/mm1.ch\/wp-content\/uploads\/2020\/04\/Wheeler_powered_by_YAMAHA.png 6050w, https:\/\/mm1.ch\/wp-content\/uploads\/2020\/04\/Wheeler_powered_by_YAMAHA-300x108.png 300w, https:\/\/mm1.ch\/wp-content\/uploads\/2020\/04\/Wheeler_powered_by_YAMAHA-1024x370.png 1024w, https:\/\/mm1.ch\/wp-content\/uploads\/2020\/04\/Wheeler_powered_by_YAMAHA-768x277.png 768w, https:\/\/mm1.ch\/wp-content\/uploads\/2020\/04\/Wheeler_powered_by_YAMAHA-1536x554.png 1536w, https:\/\/mm1.ch\/wp-content\/uploads\/2020\/04\/Wheeler_powered_by_YAMAHA-2048x739.png 2048w\" sizes=\"auto, (max-width: 75px) 100vw, 75px\" \/>   <img loading=\"lazy\" decoding=\"async\" width=\"75\" height=\"28\" class=\"wp-image-3499\" style=\"width: 75px;\" src=\"https:\/\/www.mm1.ch\/wp-content\/uploads\/2018\/03\/Belstaff_Logo_long.jpg\" alt=\"\" srcset=\"https:\/\/mm1.ch\/wp-content\/uploads\/2018\/03\/Belstaff_Logo_long.jpg 517w, https:\/\/mm1.ch\/wp-content\/uploads\/2018\/03\/Belstaff_Logo_long-300x110.jpg 300w\" sizes=\"auto, (max-width: 75px) 100vw, 75px\" \/> <img loading=\"lazy\" decoding=\"async\" width=\"60\" height=\"21\" class=\"wp-image-5718\" style=\"width: 60px;\" src=\"https:\/\/www.mm1.ch\/wp-content\/uploads\/2020\/04\/ixs.png\" alt=\"\" srcset=\"https:\/\/mm1.ch\/wp-content\/uploads\/2020\/04\/ixs.png 2631w, https:\/\/mm1.ch\/wp-content\/uploads\/2020\/04\/ixs-300x107.png 300w, https:\/\/mm1.ch\/wp-content\/uploads\/2020\/04\/ixs-1024x366.png 1024w, https:\/\/mm1.ch\/wp-content\/uploads\/2020\/04\/ixs-768x274.png 768w, https:\/\/mm1.ch\/wp-content\/uploads\/2020\/04\/ixs-1536x549.png 1536w, https:\/\/mm1.ch\/wp-content\/uploads\/2020\/04\/ixs-2048x732.png 2048w\" sizes=\"auto, (max-width: 60px) 100vw, 60px\" \/>  <img loading=\"lazy\" decoding=\"async\" width=\"60\" height=\"37\" class=\"wp-image-3724\" style=\"width: 60px;\" src=\"https:\/\/www.mm1.ch\/wp-content\/uploads\/2018\/09\/Fuel-Motorcycles-logo-by-BMD-Design.jpg\" alt=\"\" srcset=\"https:\/\/mm1.ch\/wp-content\/uploads\/2018\/09\/Fuel-Motorcycles-logo-by-BMD-Design.jpg 520w, https:\/\/mm1.ch\/wp-content\/uploads\/2018\/09\/Fuel-Motorcycles-logo-by-BMD-Design-300x185.jpg 300w\" sizes=\"auto, (max-width: 60px) 100vw, 60px\" \/> <img loading=\"lazy\" decoding=\"async\" width=\"75\" height=\"32\" class=\"wp-image-6594\" style=\"width: 75px;\" src=\"https:\/\/www.mm1.ch\/wp-content\/uploads\/2020\/11\/leatt-logo.jpg\" alt=\"\" srcset=\"https:\/\/mm1.ch\/wp-content\/uploads\/2020\/11\/leatt-logo.jpg 1000w, https:\/\/mm1.ch\/wp-content\/uploads\/2020\/11\/leatt-logo-300x127.jpg 300w, https:\/\/mm1.ch\/wp-content\/uploads\/2020\/11\/leatt-logo-768x325.jpg 768w\" sizes=\"auto, (max-width: 75px) 100vw, 75px\" \/>  <img loading=\"lazy\" decoding=\"async\" width=\"100\" height=\"22\" class=\"wp-image-5720\" style=\"width: 100px;\" src=\"https:\/\/www.mm1.ch\/wp-content\/uploads\/2020\/04\/muc-off.png\" alt=\"\" srcset=\"https:\/\/mm1.ch\/wp-content\/uploads\/2020\/04\/muc-off.png 514w, https:\/\/mm1.ch\/wp-content\/uploads\/2020\/04\/muc-off-300x66.png 300w\" sizes=\"auto, (max-width: 100px) 100vw, 100px\" \/>  and more&#8230;<\/h3>\n\n\n\n<p><\/p>\n\n\n\n<ul class=\"wp-block-list\">\n<li>concessionnaire autoris\u00e9 <strong>YAMAHA<\/strong> Motos, Scooters et E-Bikes<\/li>\n\n\n\n<li>concessionnaire <strong>Electric Motion<\/strong> (Motos E-Trial and E-Mountain)<\/li>\n\n\n\n<li>concessionnaire <strong>BIXS, WHEELER<\/strong> E-Bikes<\/li>\n\n\n\n<li>gamme YAMAHA motos et scooters en test d\u00e8s mars \u00e0 ao\u00fbt avec la formule Test Me <img loading=\"lazy\" decoding=\"async\" width=\"25\" height=\"25\" class=\"wp-image-4463\" style=\"width: 25px;\" src=\"https:\/\/www.mm1.ch\/wp-content\/uploads\/2019\/03\/logo_mm1_testme_yellow.jpg\" alt=\"\" srcset=\"https:\/\/mm1.ch\/wp-content\/uploads\/2019\/03\/logo_mm1_testme_yellow.jpg 800w, https:\/\/mm1.ch\/wp-content\/uploads\/2019\/03\/logo_mm1_testme_yellow-150x150.jpg 150w, https:\/\/mm1.ch\/wp-content\/uploads\/2019\/03\/logo_mm1_testme_yellow-300x300.jpg 300w, https:\/\/mm1.ch\/wp-content\/uploads\/2019\/03\/logo_mm1_testme_yellow-768x768.jpg 768w\" sizes=\"auto, (max-width: 25px) 100vw, 25px\" \/><\/li>\n\n\n\n<li>vente de v\u00e9hicules neufs et d&#8217;occasion<\/li>\n\n\n\n<li>accessoires, v\u00eatements et pi\u00e8ces&nbsp;d\u00e9tach\u00e9es YAMAHA GENUINE<\/li>\n\n\n\n<li>accessoires de vente et de v\u00eatements en collaboration avec les meilleures marques de l&#8217;industrie<\/li>\n\n\n\n<li>signature de contrats&nbsp;Leasing<\/li>\n\n\n\n<li>contrats de garantie prolong\u00e9e<\/li>\n<\/ul>\n\n\n\n<div style=\"height:100px\" aria-hidden=\"true\" class=\"wp-block-spacer\"><\/div>\n\n\n\n<h3 class=\"wp-block-heading\"><strong>Atelier \/ r\u00e9paration<\/strong><\/h3>\n\n\n\n<figure class=\"wp-block-image size-large\"><img loading=\"lazy\" decoding=\"async\" width=\"1024\" height=\"768\" src=\"https:\/\/www.mm1.ch\/wp-content\/uploads\/2020\/11\/06_MotoM1-Copia-1024x768.jpg\" alt=\"\" class=\"wp-image-6578\" srcset=\"https:\/\/mm1.ch\/wp-content\/uploads\/2020\/11\/06_MotoM1-Copia-1024x768.jpg 1024w, https:\/\/mm1.ch\/wp-content\/uploads\/2020\/11\/06_MotoM1-Copia-300x225.jpg 300w, https:\/\/mm1.ch\/wp-content\/uploads\/2020\/11\/06_MotoM1-Copia-768x576.jpg 768w, https:\/\/mm1.ch\/wp-content\/uploads\/2020\/11\/06_MotoM1-Copia-1536x1152.jpg 1536w, https:\/\/mm1.ch\/wp-content\/uploads\/2020\/11\/06_MotoM1-Copia-2048x1536.jpg 2048w\" sizes=\"auto, (max-width: 1024px) 100vw, 1024px\" \/><\/figure>\n\n\n\n<ul class=\"wp-block-list\">\n<li>concessionnaire autoris\u00e9 YAMAHA Motos, Scooters et E-Bikes<\/li>\n\n\n\n<li>r\u00e9parations et services YAMAHA et multimarque<\/li>\n\n\n\n<li>outil de diagnostic YAMAHA sp\u00e9cifique YAMAHA<\/li>\n\n\n\n<li>r\u00e9paration et le remplacement des pi\u00e8ces de la partie-cycle<\/li>\n\n\n\n<li>r\u00e9paration et remplacement des pi\u00e8ces&nbsp;m\u00e9caniques, \u00e9lectriques et \u00e9lectroniques<\/li>\n\n\n\n<li>Service pneus de coop\u00e9ration avec les meilleures marques de l&#8217;industrie<\/li>\n\n\n\n<li>pr\u00e9paration pour les \u00e9xpertises<\/li>\n\n\n\n<li>vente et installation d&#8217;accessoires en collaboration avec les meilleures marques<\/li>\n\n\n\n<li>pr\u00e9parations personnalis\u00e9es<\/li>\n<\/ul>\n\n\n\n<figure class=\"wp-block-image size-large\"><img loading=\"lazy\" decoding=\"async\" width=\"1024\" height=\"768\" src=\"https:\/\/www.mm1.ch\/wp-content\/uploads\/2020\/11\/07_MotoM1-1024x768.jpg\" alt=\"\" class=\"wp-image-6579\" srcset=\"https:\/\/mm1.ch\/wp-content\/uploads\/2020\/11\/07_MotoM1-1024x768.jpg 1024w, https:\/\/mm1.ch\/wp-content\/uploads\/2020\/11\/07_MotoM1-300x225.jpg 300w, https:\/\/mm1.ch\/wp-content\/uploads\/2020\/11\/07_MotoM1-768x576.jpg 768w, https:\/\/mm1.ch\/wp-content\/uploads\/2020\/11\/07_MotoM1-1536x1152.jpg 1536w, https:\/\/mm1.ch\/wp-content\/uploads\/2020\/11\/07_MotoM1-2048x1536.jpg 2048w\" sizes=\"auto, (max-width: 1024px) 100vw, 1024px\" \/><\/figure>\n\n\n\n<h3 class=\"wp-block-heading\"><strong>Hivernage<\/strong><\/h3>\n\n\n\n<h3 class=\"wp-block-heading\"><strong>Location<\/strong><\/h3>\n\n\n\n<h3 class=\"wp-block-heading\"><strong>D\u00e9pannage<\/strong><\/h3>\n\n\n\n<ul class=\"wp-block-list\">\n<li>Notre service d\u00e9pannage fonctionne sur demande avec pr\u00e9avis et selon notre disponibilit\u00e9. Pour des cas d&#8217;urgence, veuillez vous adresser \u00e0 un service d\u00e9pannage sp\u00e9cialis\u00e9 (pas ex. TCS, ACS,..)<\/li>\n<\/ul>\n","protected":false},"excerpt":{"rendered":"<p>JUST ADD GASOLINE \u23a5JUST ADD VOLTAGE Nos Services Vente and more&#8230; Atelier \/ r\u00e9paration Hivernage Location D\u00e9pannage<\/p>\n","protected":false},"author":1,"featured_media":0,"parent":0,"menu_order":0,"comment_status":"closed","ping_status":"closed","template":"","meta":{"footnotes":""},"class_list":["post-449","page","type-page","status-publish","hentry"],"translation":{"provider":"WPGlobus","version":"3.0.2","language":"fr","enabled_languages":["it","en","de","fr"],"languages":{"it":{"title":true,"content":true,"excerpt":false},"en":{"title":true,"content":true,"excerpt":false},"de":{"title":true,"content":true,"excerpt":false},"fr":{"title":true,"content":true,"excerpt":false}}},"aioseo_notices":[],"_links":{"self":[{"href":"https:\/\/mm1.ch\/fr\/wp-json\/wp\/v2\/pages\/449","targetHints":{"allow":["GET"]}}],"collection":[{"href":"https:\/\/mm1.ch\/fr\/wp-json\/wp\/v2\/pages"}],"about":[{"href":"https:\/\/mm1.ch\/fr\/wp-json\/wp\/v2\/types\/page"}],"author":[{"embeddable":true,"href":"https:\/\/mm1.ch\/fr\/wp-json\/wp\/v2\/users\/1"}],"replies":[{"embeddable":true,"href":"https:\/\/mm1.ch\/fr\/wp-json\/wp\/v2\/comments?post=449"}],"version-history":[{"count":0,"href":"https:\/\/mm1.ch\/fr\/wp-json\/wp\/v2\/pages\/449\/revisions"}],"wp:attachment":[{"href":"https:\/\/mm1.ch\/fr\/wp-json\/wp\/v2\/media?parent=449"}],"curies":[{"name":"wp","href":"https:\/\/api.w.org\/{rel}","templated":true}]}}