{"id":5771,"date":"2020-04-17T06:34:04","date_gmt":"2020-04-17T06:34:04","guid":{"rendered":"https:\/\/www.mm1.ch\/?page_id=5771"},"modified":"2022-11-14T12:15:45","modified_gmt":"2022-11-14T11:15:45","slug":"yamaha-e-bike-systems","status":"publish","type":"page","link":"https:\/\/mm1.ch\/fr\/yamaha-e-bike-systems\/","title":{"rendered":"Yamaha e-Bike Systems"},"content":{"rendered":"\n<p><strong>Yamaha lanci\u00f2 la prima e-Bike di serie al mondo circa 30 anni fa<\/strong>. Inizialmente pensata per i pendolari, l&#8217;originale Yamaha PAS era un nuovo concetto rivoluzionario che passer\u00e0 alla storia come la scintilla che ha dato il via all&#8217;intero movimento e-Bike. L&#8217;esperienza PA26 ha messo Yamaha sulla strada giusta per diventare dei maggiori produttori di e-Bike per il mercato giapponese negli ultimi trent&#8217;anni, nonch\u00e9 uno dei produttori chiave di unit\u00e0 motore per le e-Bike attualmente vendute nel mercato europeo.<\/p>\n\n\n\n<p><strong>Accogliamo l&#8217;era del veicolo elettrico a 2 ruote<\/strong><\/p>\n\n\n\n<p>La&nbsp;<strong>strategia Switch ON di Yamaha<\/strong>, presentata all&#8217;inizio del 2022, ha confermato l&#8217;entrata dell&#8217;azienda nel mondo della mobilit\u00e0 personale elettrica sottolineando le sue ambizioni di convertirsi in un marchio leader nel mercato dei veicoli elettrici a 2 ruote. Progettata per ispirare una nuova generazione di clienti alla ricerca di un trasporto personale a zero emissioni per la pratica sportiva, il tempo libero e i tragitti casa-lavoro, la prossima linea di e-Bike, scooter e pedelec Yamaha aggiunge una nuova dimensione alla mobilit\u00e0 personale.<\/p>\n\n\n\n<p><strong>MORO 07, WABASH RT e CROSSCORE RC: le 3 nuove e-Bike Yamaha per il 2022<\/strong><\/p>\n\n\n\n<div class=\"wp-block-jetpack-slideshow aligncenter\" data-effect=\"slide\"><div class=\"wp-block-jetpack-slideshow_container swiper-container\"><ul class=\"wp-block-jetpack-slideshow_swiper-wrapper swiper-wrapper\"><li class=\"wp-block-jetpack-slideshow_slide swiper-slide\"><figure><img loading=\"lazy\" decoding=\"async\" width=\"1024\" height=\"576\" alt=\"\" class=\"wp-block-jetpack-slideshow_image wp-image-10020\" data-id=\"10020\" src=\"https:\/\/www.mm1.ch\/wp-content\/uploads\/2022\/11\/2022_YAM_YDX-MORO_EU_SM13_STU_004_03_preview-1024x576.jpg\" srcset=\"https:\/\/mm1.ch\/wp-content\/uploads\/2022\/11\/2022_YAM_YDX-MORO_EU_SM13_STU_004_03_preview-1024x576.jpg 1024w, https:\/\/mm1.ch\/wp-content\/uploads\/2022\/11\/2022_YAM_YDX-MORO_EU_SM13_STU_004_03_preview-300x169.jpg 300w, https:\/\/mm1.ch\/wp-content\/uploads\/2022\/11\/2022_YAM_YDX-MORO_EU_SM13_STU_004_03_preview-768x432.jpg 768w, https:\/\/mm1.ch\/wp-content\/uploads\/2022\/11\/2022_YAM_YDX-MORO_EU_SM13_STU_004_03_preview-1536x864.jpg 1536w, https:\/\/mm1.ch\/wp-content\/uploads\/2022\/11\/2022_YAM_YDX-MORO_EU_SM13_STU_004_03_preview.jpg 1600w\" sizes=\"auto, (max-width: 1024px) 100vw, 1024px\" \/><figcaption class=\"wp-block-jetpack-slideshow_caption gallery-caption\">Moro 07<\/figcaption><\/figure><\/li><li class=\"wp-block-jetpack-slideshow_slide swiper-slide\"><figure><img loading=\"lazy\" decoding=\"async\" width=\"1024\" height=\"576\" alt=\"\" class=\"wp-block-jetpack-slideshow_image wp-image-9994\" data-id=\"9994\" src=\"https:\/\/www.mm1.ch\/wp-content\/uploads\/2022\/11\/2022_YAM_WABASH-RT_EU_NBM9_STU_004_03_preview-1024x576.jpg\" srcset=\"https:\/\/mm1.ch\/wp-content\/uploads\/2022\/11\/2022_YAM_WABASH-RT_EU_NBM9_STU_004_03_preview-1024x576.jpg 1024w, https:\/\/mm1.ch\/wp-content\/uploads\/2022\/11\/2022_YAM_WABASH-RT_EU_NBM9_STU_004_03_preview-300x169.jpg 300w, https:\/\/mm1.ch\/wp-content\/uploads\/2022\/11\/2022_YAM_WABASH-RT_EU_NBM9_STU_004_03_preview-768x432.jpg 768w, https:\/\/mm1.ch\/wp-content\/uploads\/2022\/11\/2022_YAM_WABASH-RT_EU_NBM9_STU_004_03_preview-1536x864.jpg 1536w, https:\/\/mm1.ch\/wp-content\/uploads\/2022\/11\/2022_YAM_WABASH-RT_EU_NBM9_STU_004_03_preview.jpg 1600w\" sizes=\"auto, (max-width: 1024px) 100vw, 1024px\" \/><figcaption class=\"wp-block-jetpack-slideshow_caption gallery-caption\">Wabash RT<\/figcaption><\/figure><\/li><li class=\"wp-block-jetpack-slideshow_slide swiper-slide\"><figure><img loading=\"lazy\" decoding=\"async\" width=\"1024\" height=\"576\" alt=\"\" class=\"wp-block-jetpack-slideshow_image wp-image-9976\" data-id=\"9976\" src=\"https:\/\/www.mm1.ch\/wp-content\/uploads\/2022\/11\/2022_YAM_CROSSCORE-RC_EU_MGNM1_STU_004_03_preview-1024x576.jpg\" srcset=\"https:\/\/mm1.ch\/wp-content\/uploads\/2022\/11\/2022_YAM_CROSSCORE-RC_EU_MGNM1_STU_004_03_preview-1024x576.jpg 1024w, https:\/\/mm1.ch\/wp-content\/uploads\/2022\/11\/2022_YAM_CROSSCORE-RC_EU_MGNM1_STU_004_03_preview-300x169.jpg 300w, https:\/\/mm1.ch\/wp-content\/uploads\/2022\/11\/2022_YAM_CROSSCORE-RC_EU_MGNM1_STU_004_03_preview-768x432.jpg 768w, https:\/\/mm1.ch\/wp-content\/uploads\/2022\/11\/2022_YAM_CROSSCORE-RC_EU_MGNM1_STU_004_03_preview-1536x864.jpg 1536w, https:\/\/mm1.ch\/wp-content\/uploads\/2022\/11\/2022_YAM_CROSSCORE-RC_EU_MGNM1_STU_004_03_preview.jpg 1600w\" sizes=\"auto, (max-width: 1024px) 100vw, 1024px\" \/><figcaption class=\"wp-block-jetpack-slideshow_caption gallery-caption\">CrossCore RC<\/figcaption><\/figure><\/li><\/ul><a class=\"wp-block-jetpack-slideshow_button-prev swiper-button-prev swiper-button-white\" role=\"button\"><\/a><a class=\"wp-block-jetpack-slideshow_button-next swiper-button-next swiper-button-white\" role=\"button\"><\/a><a aria-label=\"Pause Slideshow\" class=\"wp-block-jetpack-slideshow_button-pause\" role=\"button\"><\/a><div class=\"wp-block-jetpack-slideshow_pagination swiper-pagination swiper-pagination-white\"><\/div><\/div><\/div>\n\n\n\n<p>Uno dei nuovi capitoli pi\u00f9 entusiasmanti della storia di Yamaha si sta per aprire con il lancio tanto atteso di<strong>&nbsp;tre e-Bike per il 2022 nel settore MTB, Gravel e Urban.<\/strong><\/p>\n\n\n\n<p>L&#8217;esperienza dell&#8217;azienda nella produzione di e-Bike e di unit\u00e0 motore compatte non \u00e8 seconda a nessuno e la nuova linea Yamaha \u00e8 stata sviluppata in modo olistico, con le unit\u00e0 motore della PW Series e il caratteristico DNA dinamico dell&#8217;azienda.<\/p>\n\n\n\n<p>Ideata per un&#8217;ampia variet\u00e0 di ciclisti, dai possessori di motociclette e scooter Yamaha che apprezzano i forti valori del brand fino ai clienti che cercano un buon rapporto prezzo\/prestazioni abbinato a una tecnologia affidabile, i modelli Moro 07, Wabash RT e CrossCore RC saranno disponibili esclusivamente tramite la rete Yamaha di concessionari Powered Two Wheelers.<\/p>\n\n\n\n<h2 class=\"wp-block-heading\">Yamaha e-bike system &#8211; Europe Website<\/h2>\n\n\n\n<figure class=\"wp-block-embed is-type-rich is-provider-incorpora wp-block-embed-incorpora\"><div class=\"wp-block-embed__wrapper\">\nhttps:\/\/www.yamaha-motor.eu\/it\/it\/b2b\/e-bike\/\n<\/div><\/figure>\n\n\n\n<p><a href=\"https:\/\/wp.me\/a9FOi3-1yA\" target=\"_blank\" rel=\"noreferrer noopener\">Scarica il prospetto YAMAHA e-Bike Systems<\/a><\/p>\n\n\n\n<p><a aria-label=\"YAMAHA e-Bike System Herunterladen (opens in a new tab)\" href=\"https:\/\/www.mm1.ch\/ymc_spv_e-kit_2019_ger\/\" target=\"_blank\" rel=\"noreferrer noopener\" class=\"aioseop-link\">YAMAHA e-Bike System Prospekt Herunterladen<\/a><\/p>\n\n\n\n<p><a aria-label=\"YAMAHA e-Bike System brochure Download (opens in a new tab)\" class=\"aioseop-link\" href=\"https:\/\/www.mm1.ch\/ymc_spv_e-kit_2019_eng\/\" target=\"_blank\" rel=\"noreferrer noopener\">YAMAHA e-Bike System brochure Download<\/a><\/p>\n\n\n\n<p><a href=\"https:\/\/www.mm1.ch\/2021\/09\/yamaha-motor-presenta-lammiraglia-drive-unit-pw-x3\/\" target=\"_blank\" rel=\"noreferrer noopener\" title=\"Leggi l'articolo sul nuovo modello PW-X3\">Leggi l&#8217;articolo sul nuovo modello PW-X3 Power Unit YAMAHA<\/a><\/p>\n\n\n\n<hr class=\"wp-block-separator has-css-opacity\"\/>\n\n\n\n<h2 class=\"wp-block-heading\">Yamaha e-bike system &#8211; Global Website<\/h2>\n\n\n\n<figure><iframe loading=\"lazy\" src=\"https:\/\/global.yamaha-motor.com\/business\/e-bike-systems\/\" width=\"1400\" height=\"2500&quot;\"><\/iframe><\/figure>\n\n\n\n<p><\/p>\n","protected":false},"excerpt":{"rendered":"<p>Yamaha lanci\u00f2 la prima e-Bike di serie al mondo circa 30 anni fa. Inizialmente pensata per i pendolari, l&#8217;originale Yamaha&hellip; <\/p>\n","protected":false},"author":1,"featured_media":0,"parent":0,"menu_order":0,"comment_status":"closed","ping_status":"closed","template":"","meta":{"footnotes":""},"class_list":["post-5771","page","type-page","status-publish","hentry"],"translation":{"provider":"WPGlobus","version":"3.0.2","language":"fr","enabled_languages":["it","en","de","fr"],"languages":{"it":{"title":true,"content":true,"excerpt":false},"en":{"title":false,"content":false,"excerpt":false},"de":{"title":false,"content":false,"excerpt":false},"fr":{"title":false,"content":false,"excerpt":false}}},"aioseo_notices":[],"_links":{"self":[{"href":"https:\/\/mm1.ch\/fr\/wp-json\/wp\/v2\/pages\/5771","targetHints":{"allow":["GET"]}}],"collection":[{"href":"https:\/\/mm1.ch\/fr\/wp-json\/wp\/v2\/pages"}],"about":[{"href":"https:\/\/mm1.ch\/fr\/wp-json\/wp\/v2\/types\/page"}],"author":[{"embeddable":true,"href":"https:\/\/mm1.ch\/fr\/wp-json\/wp\/v2\/users\/1"}],"replies":[{"embeddable":true,"href":"https:\/\/mm1.ch\/fr\/wp-json\/wp\/v2\/comments?post=5771"}],"version-history":[{"count":0,"href":"https:\/\/mm1.ch\/fr\/wp-json\/wp\/v2\/pages\/5771\/revisions"}],"wp:attachment":[{"href":"https:\/\/mm1.ch\/fr\/wp-json\/wp\/v2\/media?parent=5771"}],"curies":[{"name":"wp","href":"https:\/\/api.w.org\/{rel}","templated":true}]}}