{"id":5796,"date":"2020-04-19T09:57:10","date_gmt":"2020-04-19T09:57:10","guid":{"rendered":"https:\/\/www.mm1.ch\/?page_id=5796"},"modified":"2020-11-24T21:03:14","modified_gmt":"2020-11-24T21:03:14","slug":"richiesta-consulenza-di-vendita-per-una-moto","status":"publish","type":"page","link":"https:\/\/mm1.ch\/fr\/richiesta-consulenza-di-vendita-per-una-moto\/","title":{"rendered":"Richiesta di consulenza per l&#8217;acquisto di una MOTO"},"content":{"rendered":"\n<div class=\"wp-block-image\"><figure class=\"aligncenter size-large is-resized\"><img loading=\"lazy\" decoding=\"async\" src=\"https:\/\/www.mm1.ch\/wp-content\/uploads\/2019\/11\/logo_mm1_contactme_rosso.jpg\" alt=\"\" class=\"wp-image-4897\" width=\"400\" height=\"400\" srcset=\"https:\/\/mm1.ch\/wp-content\/uploads\/2019\/11\/logo_mm1_contactme_rosso.jpg 800w, https:\/\/mm1.ch\/wp-content\/uploads\/2019\/11\/logo_mm1_contactme_rosso-300x300.jpg 300w, https:\/\/mm1.ch\/wp-content\/uploads\/2019\/11\/logo_mm1_contactme_rosso-150x150.jpg 150w, https:\/\/mm1.ch\/wp-content\/uploads\/2019\/11\/logo_mm1_contactme_rosso-768x768.jpg 768w\" sizes=\"auto, (max-width: 400px) 100vw, 400px\" \/><\/figure><\/div>\n\n\n<div class=\"frm_forms  with_frm_style frm_style_formidable-style\" id=\"frm_form_22_container\" >\n<form enctype=\"multipart\/form-data\" method=\"post\" class=\"frm-show-form  frm_pro_form \" id=\"form_contatto_moto\" >\n<div class=\"frm_form_fields \">\n<fieldset>\n<legend class=\"frm_screen_reader\">Desidero essere contattato per maggiori informazioni sul modello MOTO<\/legend>\r\n\r\n<div class=\"frm_fields_container\">\n<input type=\"hidden\" name=\"frm_action\" value=\"create\" \/>\n<input type=\"hidden\" name=\"form_id\" value=\"22\" \/>\n<input type=\"hidden\" name=\"frm_hide_fields_22\" id=\"frm_hide_fields_22\" value=\"\" \/>\n<input type=\"hidden\" name=\"form_key\" value=\"contatto_moto\" \/>\n<input type=\"hidden\" name=\"item_meta[0]\" value=\"\" \/>\n<input type=\"hidden\" id=\"frm_submit_entry_22\" name=\"frm_submit_entry_22\" value=\"0b13b41921\" \/><input type=\"hidden\" name=\"_wp_http_referer\" value=\"\/fr\/wp-json\/wp\/v2\/pages\/5796\" \/><div id=\"frm_field_176_container\" class=\"frm_form_field form-field  frm_required_field frm_top_container frm_first frm_half\">\r\n    <label for=\"field_qh4icy2efd54e3b3\" id=\"field_qh4icy2efd54e3b3_label\" class=\"frm_primary_label\">Nome\r\n        <span class=\"frm_required\">*<\/span>\r\n    <\/label>\r\n    <input  type=\"text\" id=\"field_qh4icy2efd54e3b3\" name=\"item_meta[176]\" value=\"\"  data-reqmsg=\"Questo campo non pu\u00f2 essere vuoto.\" aria-required=\"true\" data-invmsg=\"Name non \u00e8 valido\" aria-invalid=\"false\"   \/>\r\n    \r\n    \r\n<\/div>\n<div id=\"frm_field_177_container\" class=\"frm_form_field form-field  frm_required_field frm_top_container frm_half\">\r\n    <label for=\"field_ocfup1f81ed94262\" id=\"field_ocfup1f81ed94262_label\" class=\"frm_primary_label\">Cognome\r\n        <span class=\"frm_required\">*<\/span>\r\n    <\/label>\r\n    <input  type=\"text\" id=\"field_ocfup1f81ed94262\" name=\"item_meta[177]\" value=\"\"  data-reqmsg=\"Questo campo non pu\u00f2 essere vuoto.\" aria-required=\"true\" data-invmsg=\"Last non \u00e8 valido\" aria-invalid=\"false\"   \/>\r\n    \r\n    \r\n<\/div>\n<div id=\"frm_field_183_container\" class=\"frm_form_field form-field  frm_required_field frm_left_container frm_half\">\r\n    <label for=\"field_3zkxk\" id=\"field_3zkxk_label\" class=\"frm_primary_label\">Luogo\r\n        <span class=\"frm_required\">*<\/span>\r\n    <\/label>\r\n    <input  type=\"text\" id=\"field_3zkxk\" name=\"item_meta[183]\" value=\"\"  data-reqmsg=\"Questo campo non pu\u00f2 essere vuoto.\" aria-required=\"true\" data-invmsg=\"Last non \u00e8 valido\" aria-invalid=\"false\"   \/>\r\n    \r\n    \r\n<\/div>\n<div id=\"frm_field_178_container\" class=\"frm_form_field form-field  frm_top_container frm_other_container\">\r\n    <label for=\"field_zd8jmf7fa171f70\" id=\"field_zd8jmf7fa171f70_label\" class=\"frm_primary_label\">Desidero essere contattato in merito ad un modello della gamma YAMAHA FEEL\r\n        <span class=\"frm_required\"><\/span>\r\n    <\/label>\r\n    \t\t<select name=\"item_meta[178]\" id=\"field_zd8jmf7fa171f70\"  data-invmsg=\"Desidero essere contattato in merito ad un modello della gamma YAMAHA FEEL is invalid\" aria-invalid=\"false\"  >\n\t\t<option  value=\"Selezionare il modello\">Selezionare il modello<\/option><option  value=\"MT-125\">MT-125<\/option><option  value=\"MT-03\">MT-03<\/option><option  value=\"MT-07\">MT-07<\/option><option  value=\"MT-07 Y-AMT\">MT-07 Y-AMT<\/option><option  value=\"MT-09\">MT-09<\/option><option  value=\"MT-09 Y-AMT\">MT-09 Y-AMT<\/option><option  value=\"MT-09 SP\">MT-09 SP<\/option><option  value=\"MT-10A\">MT-10A<\/option><option  value=\"MT10A SP\">MT10A SP<\/option><option  value=\"XSR125\">XSR125<\/option><option  value=\"XSR700\">XSR700<\/option><option  value=\"XSR900\">XSR900<\/option><option  value=\"XSR900 GP\">XSR900 GP<\/option><option  value=\"Tracer 7 - GT\">Tracer 7 &#8211; GT<\/option><option  value=\"Tracer 9 - GT - GT+\">Tracer 9 &#8211; GT &#8211; GT+<\/option><option  value=\"T\u00e9n\u00e9r\u00e9 700 - World Raid - World Rally\">T\u00e9n\u00e9r\u00e9 700 &#8211; World Raid &#8211; World Rally<\/option><option  value=\"Altro\" class=\"frm_other_trigger\">Altro<\/option>\t<\/select>\n\t<label for=\"field_zd8jmf7fa171f70-otext\" class=\"frm_screen_reader frm_hidden\">Desidero essere contattato in merito ad un modello della gamma YAMAHA FEEL<\/label><input type=\"text\" id=\"field_zd8jmf7fa171f70-otext\" class=\"frm_other_input frm_pos_none\"  name=\"item_meta[other][178]\" value=\"\" \/>\r\n    \r\n    \r\n<\/div>\n<div id=\"frm_field_184_container\" class=\"frm_form_field form-field  frm_top_container\">\r\n    <label for=\"field_9z9z3\" id=\"field_9z9z3_label\" class=\"frm_primary_label\">Desidero essere contattato in merito ad un modello della gamma YAMAHA RACE\r\n        <span class=\"frm_required\"><\/span>\r\n    <\/label>\r\n    \t\t<select name=\"item_meta[184]\" id=\"field_9z9z3\"  data-invmsg=\"Desidero essere contattato in merito ad un modello della gamma YAMAHA RACE is invalid\" aria-invalid=\"false\"  >\n\t\t<option  value=\"Selezionare il modello\">Selezionare il modello<\/option><option  value=\"R125\">R125<\/option><option  value=\"R3\">R3<\/option><option  value=\"R7\">R7<\/option><option  value=\"R9\">R9<\/option><option  value=\"R1 - R1M\">R1 &#8211; R1M<\/option><option  value=\"Modelli Race\">Modelli Race<\/option><option  value=\"Modelli GYTR\">Modelli GYTR<\/option><option  value=\"Modelli OffRoad Competition\">Modelli OffRoad Competition<\/option>\t<\/select>\n\t\r\n    \r\n    \r\n<\/div>\n<div id=\"frm_field_521_container\" class=\"frm_form_field form-field  frm_top_container\">\r\n    <label for=\"field_awcrp\" id=\"field_awcrp_label\" class=\"frm_primary_label\">Desidero essere contattato in merito ad un modello di altri marchi\r\n        <span class=\"frm_required\"><\/span>\r\n    <\/label>\r\n    \t\t<select name=\"item_meta[521]\" id=\"field_awcrp\"  data-invmsg=\"Desidero essere contattato in merito ad un modello di altri marchi is invalid\" aria-invalid=\"false\"  >\n\t\t<option  value=\"Selezionare il modello\">Selezionare il modello<\/option><option  value=\"Fantic Motor Enduro\">Fantic Motor Enduro<\/option><option  value=\"Fantic Motor Road\">Fantic Motor Road<\/option><option  value=\"Electric Motion\">Electric Motion<\/option><option  value=\"BSA\">BSA<\/option>\t<\/select>\n\t\r\n    \r\n    \r\n<\/div>\n<div id=\"frm_field_179_container\" class=\"frm_form_field form-field  frm_required_field frm_top_container frm_full\">\r\n    <label for=\"field_29yf4d2844cd7b3c\" id=\"field_29yf4d2844cd7b3c_label\" class=\"frm_primary_label\">Email\r\n        <span class=\"frm_required\">*<\/span>\r\n    <\/label>\r\n    <input type=\"email\" id=\"field_29yf4d2844cd7b3c\" name=\"item_meta[179]\" value=\"\"  data-reqmsg=\"Questo campo non pu\u00f2 essere vuoto.\" aria-required=\"true\" data-invmsg=\"Please enter a valid email address\" aria-invalid=\"false\"  \/>\r\n    \r\n    \r\n<\/div>\n<div id=\"frm_field_182_container\" class=\"frm_form_field form-field  frm_top_container\">\r\n    <label for=\"field_xdnat\" id=\"field_xdnat_label\" class=\"frm_primary_label\">No. Telefono\r\n        <span class=\"frm_required\"><\/span>\r\n    <\/label>\r\n    <input type=\"tel\" id=\"field_xdnat\" name=\"item_meta[182]\" value=\"\"  data-invmsg=\"Phone non \u00e8 valido\" aria-invalid=\"false\" pattern=\"((\\+\\d{1,3}(-|.| )?\\(?\\d\\)?(-| |.)?\\d{1,5})|(\\(?\\d{2,6}\\)?))(-|.| )?(\\d{3,4})(-|.| )?(\\d{4})(( x| ext)\\d{1,5}){0,1}$\"  \/>\r\n    \r\n    \r\n<\/div>\n<div id=\"frm_field_181_container\" class=\"frm_form_field form-field  frm_top_container frm_full\">\r\n    <label for=\"field_9jv0r15f4a814dff\" id=\"field_9jv0r15f4a814dff_label\" class=\"frm_primary_label\">Messaggio\r\n        <span class=\"frm_required\"><\/span>\r\n    <\/label>\r\n    <textarea name=\"item_meta[181]\" id=\"field_9jv0r15f4a814dff\" rows=\"5\"  data-invmsg=\"Messaggio non \u00e8 valido\" aria-invalid=\"false\"  ><\/textarea>\r\n    \r\n    \r\n<\/div>\n<div id=\"frm_field_520_container\" class=\"frm_form_field form-field \">\n\t<div class=\"frm_submit\">\r\n\r\n<button class=\"frm_button_submit frm_final_submit\" type=\"submit\"   formnovalidate=\"formnovalidate\">Invia<\/button>\r\n\r\n<\/div>\n<\/div>\n\t<input type=\"hidden\" name=\"item_key\" value=\"\" \/>\n\t\t\t<div id=\"frm_field_551_container\">\n\t\t\t<label for=\"field_vxj3v\" >\n\t\t\t\tIf you are human, leave this field blank.\t\t\t<\/label>\n\t\t\t<input  id=\"field_vxj3v\" type=\"text\" class=\"frm_form_field form-field frm_verify\" name=\"item_meta[551]\" value=\"\"  \/>\n\t\t<\/div>\n\t\t<input name=\"frm_state\" type=\"hidden\" value=\"CybfU6cPwHCMEjN6hSKZfgr0bSC4mj\/sjQwd3b\/MTxot9JsNDgMueM2WXb+VFE2Q\" \/><\/div>\n<\/fieldset>\n<\/div>\n\n<p style=\"display: none !important;\" class=\"akismet-fields-container\" data-prefix=\"ak_\"><label>&#916;<textarea name=\"ak_hp_textarea\" cols=\"45\" rows=\"8\" maxlength=\"100\"><\/textarea><\/label><input type=\"hidden\" id=\"ak_js_1\" name=\"ak_js\" value=\"184\"\/><script>document.getElementById( \"ak_js_1\" ).setAttribute( \"value\", ( new Date() ).getTime() );<\/script><\/p><\/form>\n<\/div>\n","protected":false},"excerpt":{"rendered":"","protected":false},"author":1,"featured_media":0,"parent":0,"menu_order":0,"comment_status":"closed","ping_status":"closed","template":"","meta":{"footnotes":""},"class_list":["post-5796","page","type-page","status-publish","hentry"],"translation":{"provider":"WPGlobus","version":"3.0.2","language":"fr","enabled_languages":["it","en","de","fr"],"languages":{"it":{"title":true,"content":true,"excerpt":false},"en":{"title":false,"content":false,"excerpt":false},"de":{"title":false,"content":false,"excerpt":false},"fr":{"title":false,"content":false,"excerpt":false}}},"aioseo_notices":[],"_links":{"self":[{"href":"https:\/\/mm1.ch\/fr\/wp-json\/wp\/v2\/pages\/5796","targetHints":{"allow":["GET"]}}],"collection":[{"href":"https:\/\/mm1.ch\/fr\/wp-json\/wp\/v2\/pages"}],"about":[{"href":"https:\/\/mm1.ch\/fr\/wp-json\/wp\/v2\/types\/page"}],"author":[{"embeddable":true,"href":"https:\/\/mm1.ch\/fr\/wp-json\/wp\/v2\/users\/1"}],"replies":[{"embeddable":true,"href":"https:\/\/mm1.ch\/fr\/wp-json\/wp\/v2\/comments?post=5796"}],"version-history":[{"count":0,"href":"https:\/\/mm1.ch\/fr\/wp-json\/wp\/v2\/pages\/5796\/revisions"}],"wp:attachment":[{"href":"https:\/\/mm1.ch\/fr\/wp-json\/wp\/v2\/media?parent=5796"}],"curies":[{"name":"wp","href":"https:\/\/api.w.org\/{rel}","templated":true}]}}